{"id":22445,"date":"2021-05-10T07:16:58","date_gmt":"2021-05-10T07:16:58","guid":{"rendered":"https:\/\/souls4jesus.com\/become-a-watchman\/"},"modified":"2025-02-01T22:49:47","modified_gmt":"2025-02-01T22:49:47","slug":"become-a-watchman","status":"publish","type":"page","link":"https:\/\/souls4jesus.com\/fr\/become-a-watchman\/","title":{"rendered":"Devenez une Sentinelles"},"content":{"rendered":"\t\t<div data-elementor-type=\"wp-page\" data-elementor-id=\"22445\" class=\"elementor elementor-22445 elementor-9102\" data-elementor-post-type=\"page\">\n\t\t\t\t\t\t<section class=\"elementor-section elementor-top-section elementor-element elementor-element-5bc3430f elementor-section-boxed elementor-section-height-default elementor-section-height-default\" data-id=\"5bc3430f\" data-element_type=\"section\" data-settings=\"{&quot;background_background&quot;:&quot;classic&quot;}\">\n\t\t\t\t\t\t<div class=\"elementor-container elementor-column-gap-extended\">\n\t\t\t\t\t<div class=\"elementor-column elementor-col-100 elementor-top-column elementor-element elementor-element-67f581de\" data-id=\"67f581de\" data-element_type=\"column\">\n\t\t\t<div class=\"elementor-widget-wrap elementor-element-populated\">\n\t\t\t\t\t\t<div class=\"elementor-element elementor-element-61404c9d elementor-widget elementor-widget-heading\" data-id=\"61404c9d\" data-element_type=\"widget\" data-widget_type=\"heading.default\">\n\t\t\t\t<div class=\"elementor-widget-container\">\n\t\t\t\t\t<h2 class=\"elementor-heading-title elementor-size-default\">Devenez une Sentinelles<\/h2>\t\t\t\t<\/div>\n\t\t\t\t<\/div>\n\t\t\t\t<div class=\"elementor-element elementor-element-21dd2f1a elementor-align-center elementor-widget__width-auto elementor-absolute e-transform elementor-widget elementor-widget-breadcrumbs\" data-id=\"21dd2f1a\" data-element_type=\"widget\" data-settings=\"{&quot;_position&quot;:&quot;absolute&quot;,&quot;_transform_translateX_effect&quot;:{&quot;unit&quot;:&quot;%&quot;,&quot;size&quot;:-50,&quot;sizes&quot;:[]},&quot;_transform_translateX_effect_tablet&quot;:{&quot;unit&quot;:&quot;%&quot;,&quot;size&quot;:&quot;&quot;,&quot;sizes&quot;:[]},&quot;_transform_translateX_effect_mobile&quot;:{&quot;unit&quot;:&quot;%&quot;,&quot;size&quot;:&quot;&quot;,&quot;sizes&quot;:[]},&quot;_transform_translateY_effect&quot;:{&quot;unit&quot;:&quot;px&quot;,&quot;size&quot;:&quot;&quot;,&quot;sizes&quot;:[]},&quot;_transform_translateY_effect_tablet&quot;:{&quot;unit&quot;:&quot;px&quot;,&quot;size&quot;:&quot;&quot;,&quot;sizes&quot;:[]},&quot;_transform_translateY_effect_mobile&quot;:{&quot;unit&quot;:&quot;px&quot;,&quot;size&quot;:&quot;&quot;,&quot;sizes&quot;:[]}}\" data-widget_type=\"breadcrumbs.default\">\n\t\t\t\t<div class=\"elementor-widget-container\">\n\t\t\t\t\t<nav id=\"breadcrumbs\"><\/nav>\t\t\t\t<\/div>\n\t\t\t\t<\/div>\n\t\t\t\t\t<\/div>\n\t\t<\/div>\n\t\t\t\t\t<\/div>\n\t\t<\/section>\n\t\t\t\t<section class=\"elementor-section elementor-top-section elementor-element elementor-element-e51e5b2 elementor-section-boxed elementor-section-height-default elementor-section-height-default\" data-id=\"e51e5b2\" data-element_type=\"section\">\n\t\t\t\t\t\t<div class=\"elementor-container elementor-column-gap-extended\">\n\t\t\t\t\t<div class=\"elementor-column elementor-col-100 elementor-top-column elementor-element elementor-element-b19afb0\" data-id=\"b19afb0\" data-element_type=\"column\">\n\t\t\t<div class=\"elementor-widget-wrap elementor-element-populated\">\n\t\t\t\t\t\t<div class=\"elementor-element elementor-element-e86fbb6 elementor-widget elementor-widget-heading\" data-id=\"e86fbb6\" data-element_type=\"widget\" data-widget_type=\"heading.default\">\n\t\t\t\t<div class=\"elementor-widget-container\">\n\t\t\t\t\t<h2 class=\"elementor-heading-title elementor-size-default\">Comment voulez-vous participer ?<\/h2>\t\t\t\t<\/div>\n\t\t\t\t<\/div>\n\t\t\t\t<div class=\"elementor-element elementor-element-806da2b elementor-widget elementor-widget-text-editor\" data-id=\"806da2b\" data-element_type=\"widget\" data-widget_type=\"text-editor.default\">\n\t\t\t\t<div class=\"elementor-widget-container\">\n\t\t\t\t\t\t\t\t\t<div class=\"leading-8 rounded my-1 \" data-verse-id=\"6\">\u00ab\u00a0J&rsquo;ai <span class=\"strongs\" title=\"Num\u00e9ro de Strong : 06485\" data-strongs-number=\"06485\">plac\u00e9<\/span> sur tes <span class=\"strongs\" title=\"Num\u00e9ro de Strong : 02346\" data-strongs-number=\"02346\">murs,<\/span> <span class=\"strongs\" title=\"Num\u00e9ro de Strong : 03389\" data-strongs-number=\"03389\">J\u00e9rusalem<\/span>, <span class=\"strongs\" title=\"Num\u00e9ro de Strong : 08104\" data-strongs-number=\"08104\">des sentinelles<\/span> qui <span class=\"strongs\" title=\"Num\u00e9ro de Strong : 08548\" data-strongs-number=\"08548\">ne<\/span> <span class=\"strongs\" title=\"Num\u00e9ro de Strong : 02814\" data-strongs-number=\"02814\">se taisent<\/span> ni <span class=\"strongs\" title=\"Num\u00e9ro de Strong : 03117\" data-strongs-number=\"03117\">jour<\/span> ni <span class=\"strongs\" title=\"Num\u00e9ro de Strong : 03915\" data-strongs-number=\"03915\">nuit ;<\/span> vous qui <span class=\"strongs\" title=\"Num\u00e9ro de Strong : 02142\" data-strongs-number=\"02142\">invoquez<\/span> l&rsquo;<span class=\"strongs\" title=\"Num\u00e9ro de Strong : 03068\" data-strongs-number=\"03068\">\u00c9ternel,<\/span> ne vous <span class=\"strongs\" title=\"Num\u00e9ro de Strong : 01824\" data-strongs-number=\"01824\">taisez<\/span> pas <span class=\"strongs\" title=\"Num\u00e9ro de Strong : 03915\" data-strongs-number=\"03915\">,<\/span> <\/div>\n<div class=\"leading-8 rounded my-1 \" data-verse-id=\"7\">Ne lui <span class=\"strongs\" title=\"Num\u00e9ro de Strong : 05414\" data-strongs-number=\"05414\">laissez<\/span> pas <span class=\"strongs\" title=\"Num\u00e9ro de Strong : 01824\" data-strongs-number=\"01824\">de repos,<\/span> jusqu&rsquo;\u00e0 ce qu&rsquo;il <span class=\"strongs\" title=\"Num\u00e9ro de Strong : 03559\" data-strongs-number=\"03559\">affermisse<\/span>, et qu&rsquo;il <span class=\"strongs\" title=\"Num\u00e9ro de Strong : 07760\" data-strongs-number=\"07760\">fasse de<\/span> <span class=\"strongs\" title=\"Num\u00e9ro de Strong : 03389\" data-strongs-number=\"03389\">J\u00e9rusalem<\/span> une <span class=\"strongs\" title=\"Num\u00e9ro de Strong : 08416\" data-strongs-number=\"08416\">louange<\/span> sur la <span class=\"strongs\" title=\"Num\u00e9ro de Strong : 0776\" data-strongs-number=\"0776\">terre\u00a0\u00bb.<\/span><\/div>\n<div class=\"leading-8 rounded my-1 \" data-verse-id=\"7\"><em><strong><span class=\"strongs\" title=\"Num\u00e9ro de Strong : 0776\" data-strongs-number=\"0776\">Isa\u00efe 62:6-7<\/span><\/strong><\/em><\/div>\n\t\t\t\t\t\t\t\t<\/div>\n\t\t\t\t<\/div>\n\t\t\t\t\t<\/div>\n\t\t<\/div>\n\t\t\t\t\t<\/div>\n\t\t<\/section>\n\t\t\t\t<section class=\"elementor-section elementor-top-section elementor-element elementor-element-7505487 elementor-section-boxed elementor-section-height-default elementor-section-height-default\" data-id=\"7505487\" data-element_type=\"section\" data-settings=\"{&quot;background_background&quot;:&quot;classic&quot;}\">\n\t\t\t\t\t\t<div class=\"elementor-container elementor-column-gap-no\">\n\t\t\t\t\t<div class=\"elementor-column elementor-col-100 elementor-top-column elementor-element elementor-element-1f0cf93\" data-id=\"1f0cf93\" data-element_type=\"column\">\n\t\t\t<div class=\"elementor-widget-wrap elementor-element-populated\">\n\t\t\t\t\t\t<section class=\"elementor-section elementor-inner-section elementor-element elementor-element-b31d8b0 elementor-section-boxed elementor-section-height-default elementor-section-height-default\" data-id=\"b31d8b0\" data-element_type=\"section\">\n\t\t\t\t\t\t<div class=\"elementor-container elementor-column-gap-extended\">\n\t\t\t\t\t<div class=\"elementor-column elementor-col-33 elementor-inner-column elementor-element elementor-element-da07e3c\" data-id=\"da07e3c\" data-element_type=\"column\">\n\t\t\t<div class=\"elementor-widget-wrap\">\n\t\t\t\t\t\t\t<\/div>\n\t\t<\/div>\n\t\t\t\t<div class=\"elementor-column elementor-col-33 elementor-inner-column elementor-element elementor-element-811dcc4\" data-id=\"811dcc4\" data-element_type=\"column\">\n\t\t\t<div class=\"elementor-widget-wrap\">\n\t\t\t\t\t\t\t<\/div>\n\t\t<\/div>\n\t\t\t\t<div class=\"elementor-column elementor-col-33 elementor-inner-column elementor-element elementor-element-7e265e2\" data-id=\"7e265e2\" data-element_type=\"column\">\n\t\t\t<div class=\"elementor-widget-wrap\">\n\t\t\t\t\t\t\t<\/div>\n\t\t<\/div>\n\t\t\t\t\t<\/div>\n\t\t<\/section>\n\t\t\t\t<section class=\"elementor-section elementor-inner-section elementor-element elementor-element-9833ba6 elementor-section-boxed elementor-section-height-default elementor-section-height-default\" data-id=\"9833ba6\" data-element_type=\"section\">\n\t\t\t\t\t\t<div class=\"elementor-container elementor-column-gap-extended\">\n\t\t\t\t\t<div class=\"elementor-column elementor-col-100 elementor-inner-column elementor-element elementor-element-d14b9b6\" data-id=\"d14b9b6\" data-element_type=\"column\">\n\t\t\t<div class=\"elementor-widget-wrap elementor-element-populated\">\n\t\t\t\t\t\t<div class=\"elementor-element elementor-element-51d521d elementor-widget elementor-widget-heading\" data-id=\"51d521d\" data-element_type=\"widget\" data-widget_type=\"heading.default\">\n\t\t\t\t<div class=\"elementor-widget-container\">\n\t\t\t\t\t<h2 class=\"elementor-heading-title elementor-size-default\">Votre contribution \u00e0 la destin\u00e9e des \u00e2mes<\/h2>\t\t\t\t<\/div>\n\t\t\t\t<\/div>\n\t\t\t\t<div class=\"elementor-element elementor-element-6d773fc elementor-button-align-center elementor-widget elementor-widget-form\" data-id=\"6d773fc\" data-element_type=\"widget\" data-settings=\"{&quot;step_next_label&quot;:&quot;Suivant&quot;,&quot;step_previous_label&quot;:&quot;Pr\\u00e9c\\u00e9dent&quot;,&quot;button_width&quot;:&quot;100&quot;,&quot;step_type&quot;:&quot;number_text&quot;,&quot;step_icon_shape&quot;:&quot;circle&quot;}\" data-widget_type=\"form.default\">\n\t\t\t\t<div class=\"elementor-widget-container\">\n\t\t\t\t\t\t\t<form class=\"elementor-form\" method=\"post\" name=\"Volunteer From\" aria-label=\"Volunteer From\">\n\t\t\t<input type=\"hidden\" name=\"post_id\" value=\"22445\"\/>\n\t\t\t<input type=\"hidden\" name=\"form_id\" value=\"6d773fc\"\/>\n\t\t\t<input type=\"hidden\" name=\"referer_title\" value=\"Devenez une Sentinelles - Souls for Jesus\" \/>\n\n\t\t\t\t\t\t\t<input type=\"hidden\" name=\"queried_id\" value=\"22445\"\/>\n\t\t\t\n\t\t\t<div class=\"elementor-form-fields-wrapper elementor-labels-above\">\n\t\t\t\t\t\t\t\t<div class=\"elementor-field-type-text elementor-field-group elementor-column elementor-field-group-name elementor-col-50 elementor-field-required elementor-mark-required\">\n\t\t\t\t\t\t\t\t\t\t\t\t<label for=\"form-field-name\" class=\"elementor-field-label\">\n\t\t\t\t\t\t\t\tNation\t\t\t\t\t\t\t<\/label>\n\t\t\t\t\t\t\t\t\t\t\t\t\t\t<input size=\"1\" type=\"text\" name=\"form_fields[name]\" id=\"form-field-name\" class=\"elementor-field elementor-size-lg  elementor-field-textual\" placeholder=\"S\u00e9lectionnez l&#039;option\" required=\"required\">\n\t\t\t\t\t\t\t\t\t\t\t<\/div>\n\t\t\t\t\t\t\t\t<div class=\"elementor-field-type-text elementor-field-group elementor-column elementor-field-group-field_30542ab elementor-col-50 elementor-field-required elementor-mark-required\">\n\t\t\t\t\t\t\t\t\t\t\t\t<label for=\"form-field-field_30542ab\" class=\"elementor-field-label\">\n\t\t\t\t\t\t\t\tVille\t\t\t\t\t\t\t<\/label>\n\t\t\t\t\t\t\t\t\t\t\t\t\t\t<input size=\"1\" type=\"text\" name=\"form_fields[field_30542ab]\" id=\"form-field-field_30542ab\" class=\"elementor-field elementor-size-lg  elementor-field-textual\" placeholder=\"Ville\" required=\"required\">\n\t\t\t\t\t\t\t\t\t\t\t<\/div>\n\t\t\t\t\t\t\t\t<div class=\"elementor-field-type-select elementor-field-group elementor-column elementor-field-group-field_001fc0a elementor-col-100\">\n\t\t\t\t\t\t\t\t\t\t\t\t<label for=\"form-field-field_001fc0a\" class=\"elementor-field-label\">\n\t\t\t\t\t\t\t\tType de contribution\t\t\t\t\t\t\t<\/label>\n\t\t\t\t\t\t\t\t<div class=\"elementor-field elementor-select-wrapper remove-before \">\n\t\t\t<div class=\"select-caret-down-wrapper\">\n\t\t\t\t<i aria-hidden=\"true\" class=\"eicon-caret-down\"><\/i>\t\t\t<\/div>\n\t\t\t<select name=\"form_fields[field_001fc0a]\" id=\"form-field-field_001fc0a\" class=\"elementor-field-textual elementor-size-lg\">\n\t\t\t\t\t\t\t\t\t<option value=\"\">S\u00e9lectionnez une option<\/option>\n\t\t\t\t\t\t\t\t\t<option value=\" mountain-24-7\">Priez pour une nation sur la montagne 24\/7 <\/option>\n\t\t\t\t\t\t\t\t\t<option value=\" nation-team\">Rejoignez physiquement votre nation <\/option>\n\t\t\t\t\t\t\t\t\t<option value=\" support-staff\">Soutenez le personnel <\/option>\n\t\t\t\t\t\t\t<\/select>\n\t\t<\/div>\n\t\t\t\t\t\t<\/div>\n\t\t\t\t\t\t\t\t<div class=\"elementor-field-type-text elementor-field-group elementor-column elementor-field-group-field_9643835 elementor-col-100 elementor-field-required elementor-mark-required\">\n\t\t\t\t\t\t\t\t\t\t\t\t<label for=\"form-field-field_9643835\" class=\"elementor-field-label\">\n\t\t\t\t\t\t\t\tNom\t\t\t\t\t\t\t<\/label>\n\t\t\t\t\t\t\t\t\t\t\t\t\t\t<input size=\"1\" type=\"text\" name=\"form_fields[field_9643835]\" id=\"form-field-field_9643835\" class=\"elementor-field elementor-size-lg  elementor-field-textual\" placeholder=\"Nom complet\" required=\"required\">\n\t\t\t\t\t\t\t\t\t\t\t<\/div>\n\t\t\t\t\t\t\t\t<div class=\"elementor-field-type-email elementor-field-group elementor-column elementor-field-group-email elementor-col-50 elementor-field-required elementor-mark-required\">\n\t\t\t\t\t\t\t\t\t\t\t\t<label for=\"form-field-email\" class=\"elementor-field-label\">\n\t\t\t\t\t\t\t\tAdresse \u00e9lectronique\t\t\t\t\t\t\t<\/label>\n\t\t\t\t\t\t\t\t\t\t\t\t\t\t<input size=\"1\" type=\"email\" name=\"form_fields[email]\" id=\"form-field-email\" class=\"elementor-field elementor-size-lg  elementor-field-textual\" placeholder=\"Adresse \u00e9lectronique\" required=\"required\">\n\t\t\t\t\t\t\t\t\t\t\t<\/div>\n\t\t\t\t\t\t\t\t<div class=\"elementor-field-type-tel elementor-field-group elementor-column elementor-field-group-field_3294534 elementor-col-50 elementor-field-required elementor-mark-required\">\n\t\t\t\t\t\t\t\t\t\t\t\t<label for=\"form-field-field_3294534\" class=\"elementor-field-label\">\n\t\t\t\t\t\t\t\tNum\u00e9ro de t\u00e9l\u00e9phone\t\t\t\t\t\t\t<\/label>\n\t\t\t\t\t\t\t\t<input size=\"1\" type=\"tel\" name=\"form_fields[field_3294534]\" id=\"form-field-field_3294534\" class=\"elementor-field elementor-size-lg  elementor-field-textual\" placeholder=\"Num\u00e9ro de t\u00e9l\u00e9phone\" required=\"required\" pattern=\"[0-9()#&amp;+*-=.]+\" title=\"Seuls les caract\u00e8res de num\u00e9ros de t\u00e9l\u00e9phone (#, -, *, etc.) sont accept\u00e9s.\">\n\n\t\t\t\t\t\t<\/div>\n\t\t\t\t\t\t\t\t<div class=\"elementor-field-group elementor-column elementor-field-type-submit elementor-col-100 e-form__buttons\">\n\t\t\t\t\t<button class=\"elementor-button elementor-size-md\" type=\"submit\">\n\t\t\t\t\t\t<span class=\"elementor-button-content-wrapper\">\n\t\t\t\t\t\t\t\t\t\t\t\t\t\t\t\t\t\t\t\t\t\t<span class=\"elementor-button-text\">Devenez Sentinelles<\/span>\n\t\t\t\t\t\t\t\t\t\t\t\t\t<\/span>\n\t\t\t\t\t<\/button>\n\t\t\t\t<\/div>\n\t\t\t<\/div>\n\t\t<\/form>\n\t\t\t\t\t\t<\/div>\n\t\t\t\t<\/div>\n\t\t\t\t\t<\/div>\n\t\t<\/div>\n\t\t\t\t\t<\/div>\n\t\t<\/section>\n\t\t\t\t\t<\/div>\n\t\t<\/div>\n\t\t\t\t\t<\/div>\n\t\t<\/section>\n\t\t\t\t<section class=\"elementor-section elementor-top-section elementor-element elementor-element-553a17e0 elementor-section-boxed elementor-section-height-default elementor-section-height-default\" data-id=\"553a17e0\" data-element_type=\"section\">\n\t\t\t\t\t\t<div class=\"elementor-container elementor-column-gap-extended\">\n\t\t\t\t\t<div class=\"elementor-column elementor-col-100 elementor-top-column elementor-element elementor-element-4231e39a\" data-id=\"4231e39a\" data-element_type=\"column\">\n\t\t\t<div class=\"elementor-widget-wrap elementor-element-populated\">\n\t\t\t\t\t\t<div class=\"elementor-element elementor-element-232cc064 elementor-widget elementor-widget-heading\" data-id=\"232cc064\" data-element_type=\"widget\" data-widget_type=\"heading.default\">\n\t\t\t\t<div class=\"elementor-widget-container\">\n\t\t\t\t\t<h2 class=\"elementor-heading-title elementor-size-default\">Le Saint-Esprit est encore \u00e0 l'\u0153uvre aujourd'hui, suscitant des veilleurs qui prient pour les nations en vue de la r\u00e9v\u00e9lation du Seigneur J\u00e9sus-Christ, et vous \u00eates l'un d'entre eux.<\/h2>\t\t\t\t<\/div>\n\t\t\t\t<\/div>\n\t\t\t\t\t<\/div>\n\t\t<\/div>\n\t\t\t\t\t<\/div>\n\t\t<\/section>\n\t\t\t\t<\/div>\n\t\t","protected":false},"excerpt":{"rendered":"<p>Devenez une Sentinelles Comment voulez-vous participer ? \u00ab\u00a0J&rsquo;ai plac\u00e9 sur tes murs, J\u00e9rusalem, des sentinelles qui ne se taisent ni jour ni nuit ; vous qui invoquez l&rsquo;\u00c9ternel, ne vous [&hellip;]<\/p>\n","protected":false},"author":1,"featured_media":0,"parent":0,"menu_order":0,"comment_status":"closed","ping_status":"closed","template":"elementor_header_footer","meta":{"_monsterinsights_skip_tracking":false,"_monsterinsights_sitenote_active":false,"_monsterinsights_sitenote_note":"","_monsterinsights_sitenote_category":0,"iawp_total_views":7,"footnotes":""},"class_list":["post-22445","page","type-page","status-publish","hentry","entry"],"aioseo_notices":[],"yoast_head":"<!-- This site is optimized with the Yoast SEO plugin v27.3 - https:\/\/yoast.com\/product\/yoast-seo-wordpress\/ -->\n<title>Devenez une Sentinelles - Souls for Jesus<\/title>\n<meta name=\"robots\" content=\"index, follow, max-snippet:-1, max-image-preview:large, max-video-preview:-1\" \/>\n<link rel=\"canonical\" href=\"https:\/\/souls4jesus.com\/fr\/become-a-watchman\/\" \/>\n<meta property=\"og:locale\" content=\"fr_FR\" \/>\n<meta property=\"og:type\" content=\"article\" \/>\n<meta property=\"og:title\" content=\"Devenez une Sentinelles - Souls for Jesus\" \/>\n<meta property=\"og:description\" content=\"Devenez une Sentinelles Comment voulez-vous participer ? \u00ab\u00a0J&rsquo;ai plac\u00e9 sur tes murs, J\u00e9rusalem, des sentinelles qui ne se taisent ni jour ni nuit ; vous qui invoquez l&rsquo;\u00c9ternel, ne vous [&hellip;]\" \/>\n<meta property=\"og:url\" content=\"https:\/\/souls4jesus.com\/fr\/become-a-watchman\/\" \/>\n<meta property=\"og:site_name\" content=\"Souls for Jesus\" \/>\n<meta property=\"article:modified_time\" content=\"2025-02-01T22:49:47+00:00\" \/>\n<meta name=\"twitter:card\" content=\"summary_large_image\" \/>\n<meta name=\"twitter:label1\" content=\"Dur\u00e9e de lecture estim\u00e9e\" \/>\n\t<meta name=\"twitter:data1\" content=\"1 minute\" \/>\n<script type=\"application\/ld+json\" class=\"yoast-schema-graph\">{\"@context\":\"https:\\\/\\\/schema.org\",\"@graph\":[{\"@type\":\"WebPage\",\"@id\":\"https:\\\/\\\/souls4jesus.com\\\/fr\\\/become-a-watchman\\\/\",\"url\":\"https:\\\/\\\/souls4jesus.com\\\/fr\\\/become-a-watchman\\\/\",\"name\":\"Devenez une Sentinelles - Souls for Jesus\",\"isPartOf\":{\"@id\":\"https:\\\/\\\/souls4jesus.com\\\/fr\\\/#website\"},\"datePublished\":\"2021-05-10T07:16:58+00:00\",\"dateModified\":\"2025-02-01T22:49:47+00:00\",\"inLanguage\":\"fr-FR\",\"potentialAction\":[{\"@type\":\"ReadAction\",\"target\":[\"https:\\\/\\\/souls4jesus.com\\\/fr\\\/become-a-watchman\\\/\"]}]},{\"@type\":\"WebSite\",\"@id\":\"https:\\\/\\\/souls4jesus.com\\\/fr\\\/#website\",\"url\":\"https:\\\/\\\/souls4jesus.com\\\/fr\\\/\",\"name\":\"Souls for Jesus\",\"description\":\"\",\"publisher\":{\"@id\":\"https:\\\/\\\/souls4jesus.com\\\/fr\\\/#organization\"},\"potentialAction\":[{\"@type\":\"SearchAction\",\"target\":{\"@type\":\"EntryPoint\",\"urlTemplate\":\"https:\\\/\\\/souls4jesus.com\\\/fr\\\/?s={search_term_string}\"},\"query-input\":{\"@type\":\"PropertyValueSpecification\",\"valueRequired\":true,\"valueName\":\"search_term_string\"}}],\"inLanguage\":\"fr-FR\"},{\"@type\":\"Organization\",\"@id\":\"https:\\\/\\\/souls4jesus.com\\\/fr\\\/#organization\",\"name\":\"Souls for Jesus\",\"url\":\"https:\\\/\\\/souls4jesus.com\\\/fr\\\/\",\"logo\":{\"@type\":\"ImageObject\",\"inLanguage\":\"fr-FR\",\"@id\":\"https:\\\/\\\/souls4jesus.com\\\/fr\\\/#\\\/schema\\\/logo\\\/image\\\/\",\"url\":\"https:\\\/\\\/souls4jesus.com\\\/wp-content\\\/uploads\\\/2020\\\/08\\\/Watchmen-logo-name-350-x-200.webp\",\"contentUrl\":\"https:\\\/\\\/souls4jesus.com\\\/wp-content\\\/uploads\\\/2020\\\/08\\\/Watchmen-logo-name-350-x-200.webp\",\"width\":1920,\"height\":907,\"caption\":\"Souls for Jesus\"},\"image\":{\"@id\":\"https:\\\/\\\/souls4jesus.com\\\/fr\\\/#\\\/schema\\\/logo\\\/image\\\/\"}}]}<\/script>\n<!-- \/ Yoast SEO plugin. -->","yoast_head_json":{"title":"Devenez une Sentinelles - Souls for Jesus","robots":{"index":"index","follow":"follow","max-snippet":"max-snippet:-1","max-image-preview":"max-image-preview:large","max-video-preview":"max-video-preview:-1"},"canonical":"https:\/\/souls4jesus.com\/fr\/become-a-watchman\/","og_locale":"fr_FR","og_type":"article","og_title":"Devenez une Sentinelles - Souls for Jesus","og_description":"Devenez une Sentinelles Comment voulez-vous participer ? \u00ab\u00a0J&rsquo;ai plac\u00e9 sur tes murs, J\u00e9rusalem, des sentinelles qui ne se taisent ni jour ni nuit ; vous qui invoquez l&rsquo;\u00c9ternel, ne vous [&hellip;]","og_url":"https:\/\/souls4jesus.com\/fr\/become-a-watchman\/","og_site_name":"Souls for Jesus","article_modified_time":"2025-02-01T22:49:47+00:00","twitter_card":"summary_large_image","twitter_misc":{"Dur\u00e9e de lecture estim\u00e9e":"1 minute"},"schema":{"@context":"https:\/\/schema.org","@graph":[{"@type":"WebPage","@id":"https:\/\/souls4jesus.com\/fr\/become-a-watchman\/","url":"https:\/\/souls4jesus.com\/fr\/become-a-watchman\/","name":"Devenez une Sentinelles - Souls for Jesus","isPartOf":{"@id":"https:\/\/souls4jesus.com\/fr\/#website"},"datePublished":"2021-05-10T07:16:58+00:00","dateModified":"2025-02-01T22:49:47+00:00","inLanguage":"fr-FR","potentialAction":[{"@type":"ReadAction","target":["https:\/\/souls4jesus.com\/fr\/become-a-watchman\/"]}]},{"@type":"WebSite","@id":"https:\/\/souls4jesus.com\/fr\/#website","url":"https:\/\/souls4jesus.com\/fr\/","name":"Souls for Jesus","description":"","publisher":{"@id":"https:\/\/souls4jesus.com\/fr\/#organization"},"potentialAction":[{"@type":"SearchAction","target":{"@type":"EntryPoint","urlTemplate":"https:\/\/souls4jesus.com\/fr\/?s={search_term_string}"},"query-input":{"@type":"PropertyValueSpecification","valueRequired":true,"valueName":"search_term_string"}}],"inLanguage":"fr-FR"},{"@type":"Organization","@id":"https:\/\/souls4jesus.com\/fr\/#organization","name":"Souls for Jesus","url":"https:\/\/souls4jesus.com\/fr\/","logo":{"@type":"ImageObject","inLanguage":"fr-FR","@id":"https:\/\/souls4jesus.com\/fr\/#\/schema\/logo\/image\/","url":"https:\/\/souls4jesus.com\/wp-content\/uploads\/2020\/08\/Watchmen-logo-name-350-x-200.webp","contentUrl":"https:\/\/souls4jesus.com\/wp-content\/uploads\/2020\/08\/Watchmen-logo-name-350-x-200.webp","width":1920,"height":907,"caption":"Souls for Jesus"},"image":{"@id":"https:\/\/souls4jesus.com\/fr\/#\/schema\/logo\/image\/"}}]}},"_links":{"self":[{"href":"https:\/\/souls4jesus.com\/fr\/wp-json\/wp\/v2\/pages\/22445","targetHints":{"allow":["GET"]}}],"collection":[{"href":"https:\/\/souls4jesus.com\/fr\/wp-json\/wp\/v2\/pages"}],"about":[{"href":"https:\/\/souls4jesus.com\/fr\/wp-json\/wp\/v2\/types\/page"}],"author":[{"embeddable":true,"href":"https:\/\/souls4jesus.com\/fr\/wp-json\/wp\/v2\/users\/1"}],"replies":[{"embeddable":true,"href":"https:\/\/souls4jesus.com\/fr\/wp-json\/wp\/v2\/comments?post=22445"}],"version-history":[{"count":5,"href":"https:\/\/souls4jesus.com\/fr\/wp-json\/wp\/v2\/pages\/22445\/revisions"}],"predecessor-version":[{"id":22666,"href":"https:\/\/souls4jesus.com\/fr\/wp-json\/wp\/v2\/pages\/22445\/revisions\/22666"}],"wp:attachment":[{"href":"https:\/\/souls4jesus.com\/fr\/wp-json\/wp\/v2\/media?parent=22445"}],"curies":[{"name":"wp","href":"https:\/\/api.w.org\/{rel}","templated":true}]}}