{"id":22433,"date":"2024-09-18T20:07:10","date_gmt":"2024-09-18T20:07:10","guid":{"rendered":"https:\/\/souls4jesus.com\/prayers\/"},"modified":"2025-02-01T19:15:56","modified_gmt":"2025-02-01T19:15:56","slug":"prayers","status":"publish","type":"page","link":"https:\/\/souls4jesus.com\/fr\/prayers\/","title":{"rendered":"Pri\u00e8res"},"content":{"rendered":"\t\t<div data-elementor-type=\"wp-page\" data-elementor-id=\"22433\" class=\"elementor elementor-22433 elementor-21398\" data-elementor-post-type=\"page\">\n\t\t\t\t\t\t<section class=\"elementor-section elementor-top-section elementor-element elementor-element-c3e73b0 elementor-section-content-middle elementor-section-boxed elementor-section-height-default elementor-section-height-default\" data-id=\"c3e73b0\" data-element_type=\"section\" data-settings=\"{&quot;background_background&quot;:&quot;classic&quot;}\">\n\t\t\t\t\t\t<div class=\"elementor-container elementor-column-gap-extended\">\n\t\t\t\t\t<div class=\"elementor-column elementor-col-50 elementor-top-column elementor-element elementor-element-0ea0079 elementor-invisible\" data-id=\"0ea0079\" data-element_type=\"column\" data-settings=\"{&quot;animation&quot;:&quot;fadeIn&quot;}\">\n\t\t\t<div class=\"elementor-widget-wrap elementor-element-populated\">\n\t\t\t\t\t\t<div class=\"elementor-element elementor-element-9b4cd3a elementor-widget__width-auto elementor-widget-mobile__width-inherit elementor-widget elementor-widget-heading\" data-id=\"9b4cd3a\" data-element_type=\"widget\" data-widget_type=\"heading.default\">\n\t\t\t\t<div class=\"elementor-widget-container\">\n\t\t\t\t\t<h2 class=\"elementor-heading-title elementor-size-default\">Rejoignez-nous CHAQUE SAMEDI \u00e0 <b>06h30, heure de Washington, DC, USA.<\/b><\/h2>\t\t\t\t<\/div>\n\t\t\t\t<\/div>\n\t\t\t\t\t<\/div>\n\t\t<\/div>\n\t\t\t\t<div class=\"elementor-column elementor-col-50 elementor-top-column elementor-element elementor-element-697bb87 elementor-invisible\" data-id=\"697bb87\" data-element_type=\"column\" data-settings=\"{&quot;animation&quot;:&quot;fadeInLeft&quot;}\">\n\t\t\t<div class=\"elementor-widget-wrap elementor-element-populated\">\n\t\t\t\t\t\t<div class=\"elementor-element elementor-element-07281f7 elementor-align-right elementor-mobile-align-center elementor-widget elementor-widget-button\" data-id=\"07281f7\" data-element_type=\"widget\" data-widget_type=\"button.default\">\n\t\t\t\t<div class=\"elementor-widget-container\">\n\t\t\t\t\t\t\t\t\t<div class=\"elementor-button-wrapper\">\n\t\t\t\t\t<a class=\"elementor-button elementor-button-link elementor-size-sm\" href=\"https:\/\/zoom.us\/j\/98284912983\">\n\t\t\t\t\t\t<span class=\"elementor-button-content-wrapper\">\n\t\t\t\t\t\t\t\t\t<span class=\"elementor-button-text\">REJOIGNEZ-NOUS MAINTENANT<\/span>\n\t\t\t\t\t<\/span>\n\t\t\t\t\t<\/a>\n\t\t\t\t<\/div>\n\t\t\t\t\t\t\t\t<\/div>\n\t\t\t\t<\/div>\n\t\t\t\t\t<\/div>\n\t\t<\/div>\n\t\t\t\t\t<\/div>\n\t\t<\/section>\n\t\t\t\t<section class=\"elementor-section elementor-top-section elementor-element elementor-element-176d467 elementor-section-content-middle elementor-section-boxed elementor-section-height-default elementor-section-height-default\" data-id=\"176d467\" data-element_type=\"section\">\n\t\t\t\t\t\t<div class=\"elementor-container elementor-column-gap-no\">\n\t\t\t\t\t<div class=\"elementor-column elementor-col-100 elementor-top-column elementor-element elementor-element-3cc96ba\" data-id=\"3cc96ba\" data-element_type=\"column\">\n\t\t\t<div class=\"elementor-widget-wrap elementor-element-populated\">\n\t\t\t\t\t\t<div class=\"elementor-element elementor-element-eef5a58 elementor-widget__width-initial elementor-widget elementor-widget-heading\" data-id=\"eef5a58\" data-element_type=\"widget\" data-widget_type=\"heading.default\">\n\t\t\t\t<div class=\"elementor-widget-container\">\n\t\t\t\t\t<h2 class=\"elementor-heading-title elementor-size-default\"><font color=\"#347d7a\">D\u00e9clarer la r\u00e9v\u00e9lation de J\u00e9sus et son r\u00e8gne dans le c\u0153ur des hommes dans les nations.\n<\/font><\/h2>\t\t\t\t<\/div>\n\t\t\t\t<\/div>\n\t\t\t\t<section class=\"elementor-section elementor-inner-section elementor-element elementor-element-517e248 elementor-section-boxed elementor-section-height-default elementor-section-height-default\" data-id=\"517e248\" data-element_type=\"section\">\n\t\t\t\t\t\t<div class=\"elementor-container elementor-column-gap-default\">\n\t\t\t\t\t<div class=\"elementor-column elementor-col-100 elementor-inner-column elementor-element elementor-element-d1c46d9\" data-id=\"d1c46d9\" data-element_type=\"column\">\n\t\t\t<div class=\"elementor-widget-wrap elementor-element-populated\">\n\t\t\t\t\t\t<div class=\"elementor-element elementor-element-cb0eb49 elementor-widget elementor-widget-text-editor\" data-id=\"cb0eb49\" data-element_type=\"widget\" data-widget_type=\"text-editor.default\">\n\t\t\t\t<div class=\"elementor-widget-container\">\n\t\t\t\t\t\t\t\t\t<ol>\n<li>Nous exaltons J\u00e9sus comme Seigneur des nations et de toutes les entit\u00e9s et puissances spirituelles. (Eph. 1:19-23 ; Phil. 2:9-11) <\/li>\n<li>Que les cieux s&rsquo;ouvrent et que l&rsquo;atmosph\u00e8re au-dessus des nations soit remplie de la pr\u00e9sence du Seigneur J\u00e9sus. Que la cr\u00e9ation enti\u00e8re et tout ce qu&rsquo;elle contient se soumette \u00e0 la seigneurie de J\u00e9sus (Jean 1:3 ; Col. 1:16-17). <\/li>\n<li>Que le r\u00e8gne du Christ, sa justice, sa paix et sa joie dans l&rsquo;Esprit Saint pr\u00e9vale dans le c\u0153ur de tous les hommes des nations (Rom. 14:17).<\/li>\n<li>Esprit Saint, mets les anges \u00e0 l&rsquo;\u0153uvre afin qu&rsquo;ils aident et coordonnent toutes les activit\u00e9s concernant la diffusion de l&rsquo;Evangile et du t\u00e9moignage du Christ et pour le mouvement de pri\u00e8re en faveur les \u00e2mes dans les nations. Que les anges soutiennent et luttent pour le corps du Christ, le mouvement de pri\u00e8re des Sentinelles et toute l&rsquo;\u0153uvre de Dieu dans les nations (H\u00e9b. 1:14). <\/li>\n<li>Que le corps du Christ soit r\u00e9veill\u00e9, rev\u00eatu de la puissance du royaume pour r\u00e9pandre l&rsquo;\u00e9vangile de J\u00e9sus-Christ pour le salut des \u00e2mes avec des signes, des prodiges et des miracles (Matt. 24:14 ; Actes 1:8 ; Marc 16:17, 20).<\/li>\n<li>Nous d\u00e9clarons que la seigneurie de J\u00e9sus pr\u00e9vaut dans les nations. Nous d\u00e9clarons que toutes les nations s&rsquo;inclinent et s&rsquo;agenouillent devant le Seigneur J\u00e9sus et que toutes les nations confessent que J\u00e9sus-Christ est Seigneur \u00e0 la gloire du P\u00e8re (Phil. 2:9-11). <\/li>\n<\/ol>\n\t\t\t\t\t\t\t\t<\/div>\n\t\t\t\t<\/div>\n\t\t\t\t\t<\/div>\n\t\t<\/div>\n\t\t\t\t\t<\/div>\n\t\t<\/section>\n\t\t\t\t\t<\/div>\n\t\t<\/div>\n\t\t\t\t\t<\/div>\n\t\t<\/section>\n\t\t\t\t<section class=\"elementor-section elementor-top-section elementor-element elementor-element-0e2f8b2 elementor-section-content-middle elementor-section-boxed elementor-section-height-default elementor-section-height-default\" data-id=\"0e2f8b2\" data-element_type=\"section\">\n\t\t\t\t\t\t<div class=\"elementor-container elementor-column-gap-no\">\n\t\t\t\t\t<div class=\"elementor-column elementor-col-100 elementor-top-column elementor-element elementor-element-47fa1e7\" data-id=\"47fa1e7\" data-element_type=\"column\">\n\t\t\t<div class=\"elementor-widget-wrap elementor-element-populated\">\n\t\t\t\t\t\t<div class=\"elementor-element elementor-element-ab5633c elementor-widget__width-initial elementor-widget elementor-widget-heading\" data-id=\"ab5633c\" data-element_type=\"widget\" data-widget_type=\"heading.default\">\n\t\t\t\t<div class=\"elementor-widget-container\">\n\t\t\t\t\t<h2 class=\"elementor-heading-title elementor-size-default\"><font color=\"#347d7a\">D\u00e9truire les autels sataniques dans les nations  <\/font><\/h2>\t\t\t\t<\/div>\n\t\t\t\t<\/div>\n\t\t\t\t<section class=\"elementor-section elementor-inner-section elementor-element elementor-element-a9750c8 elementor-section-boxed elementor-section-height-default elementor-section-height-default\" data-id=\"a9750c8\" data-element_type=\"section\">\n\t\t\t\t\t\t<div class=\"elementor-container elementor-column-gap-default\">\n\t\t\t\t\t<div class=\"elementor-column elementor-col-100 elementor-inner-column elementor-element elementor-element-c82c979\" data-id=\"c82c979\" data-element_type=\"column\">\n\t\t\t<div class=\"elementor-widget-wrap elementor-element-populated\">\n\t\t\t\t\t\t<div class=\"elementor-element elementor-element-a694a78 elementor-widget elementor-widget-text-editor\" data-id=\"a694a78\" data-element_type=\"widget\" data-widget_type=\"text-editor.default\">\n\t\t\t\t<div class=\"elementor-widget-container\">\n\t\t\t\t\t\t\t\t\t<ol>\n<li>Nous d\u00e9molissons tous les autels sataniques, nous lions les hommes forts et les chassons de leurs tr\u00f4nes, nous d\u00e9truisons leurs tr\u00f4nes et les autels o\u00f9 ils se tiennent, nous d\u00e9truisons leurs alliances et leurs pactes, nous annulons les sacrifices qui leur sont faits et tous leurs effets sur les \u00e2mes, nous d\u00e9truisons leurs armes et toutes leurs activit\u00e9s d\u00e9moniaques dans les nations (Apoc. 17:1-2, 15 ; Mt. 12:29 ; 2 Cor. 10:3-5 ; Deut. 7:5).<\/li>\n<li>Nous brisons le pouvoir du diable sur les pens\u00e9es des gens ; nous tirons leurs \u00e2mes des t\u00e9n\u00e8bres et les amenons \u00e0 la lumi\u00e8re.  <\/li>\n<li>Nous chassons toute force d\u00e9moniaque qui tente de les emp\u00eacher de venir \u00e0 Christ (2 Cor. 4:3-4 ; Jean 17:4 ; 2 Tim. 2:1-4 ; H\u00e9b. 2:10).  <\/li>\n<li>Nous prenons autorit\u00e9, au nom du Seigneur J\u00e9sus, sur les forces des t\u00e9n\u00e8bres et d\u00e9truisons toutes leurs \u0153uvres et oppositions, attaques, blocages, sabotages, accidents, morts, maladies, afflictions contre la Parole de Dieu, contre le corps du Christ, contre le Mouvement de Pri\u00e8re des Veilleurs pour les nations. Nous d\u00e9truisons aussi toutes les attaques contre ceux qui courent pour l&rsquo;\u00e9vangile et voyagent pour servir le Seigneur avec leur famille et leur minist\u00e8re. <\/li>\n<li>Nous prions pour la protection de toutes les veilles et missions dans les nations. Nous prions pour les familles des veilleurs, pour les responsables des veilleurs et leurs familles, pour les visionnaires des veilleurs et leurs familles, et pour les conventions et les voyages missionnaires \u00e0 destination et en provenance de divers pays. <\/li>\n<\/ol>\n\t\t\t\t\t\t\t\t<\/div>\n\t\t\t\t<\/div>\n\t\t\t\t\t<\/div>\n\t\t<\/div>\n\t\t\t\t\t<\/div>\n\t\t<\/section>\n\t\t\t\t\t<\/div>\n\t\t<\/div>\n\t\t\t\t\t<\/div>\n\t\t<\/section>\n\t\t\t\t<section class=\"elementor-section elementor-top-section elementor-element elementor-element-bcb2658 elementor-section-content-middle elementor-section-boxed elementor-section-height-default elementor-section-height-default\" data-id=\"bcb2658\" data-element_type=\"section\">\n\t\t\t\t\t\t<div class=\"elementor-container elementor-column-gap-no\">\n\t\t\t\t\t<div class=\"elementor-column elementor-col-100 elementor-top-column elementor-element elementor-element-b67758f\" data-id=\"b67758f\" data-element_type=\"column\">\n\t\t\t<div class=\"elementor-widget-wrap elementor-element-populated\">\n\t\t\t\t\t\t<div class=\"elementor-element elementor-element-97fff53 elementor-widget__width-initial elementor-widget elementor-widget-heading\" data-id=\"97fff53\" data-element_type=\"widget\" data-widget_type=\"heading.default\">\n\t\t\t\t<div class=\"elementor-widget-container\">\n\t\t\t\t\t<h2 class=\"elementor-heading-title elementor-size-default\"><font color=\"#347d7a\">\u00c9tablir les r\u00e9seaux d'autels du Seigneur dans les nations <\/font><\/h2>\t\t\t\t<\/div>\n\t\t\t\t<\/div>\n\t\t\t\t<section class=\"elementor-section elementor-inner-section elementor-element elementor-element-c5b583c elementor-section-boxed elementor-section-height-default elementor-section-height-default\" data-id=\"c5b583c\" data-element_type=\"section\">\n\t\t\t\t\t\t<div class=\"elementor-container elementor-column-gap-default\">\n\t\t\t\t\t<div class=\"elementor-column elementor-col-100 elementor-inner-column elementor-element elementor-element-a66fa5e\" data-id=\"a66fa5e\" data-element_type=\"column\">\n\t\t\t<div class=\"elementor-widget-wrap elementor-element-populated\">\n\t\t\t\t\t\t<div class=\"elementor-element elementor-element-2ae3de9 elementor-widget elementor-widget-text-editor\" data-id=\"2ae3de9\" data-element_type=\"widget\" data-widget_type=\"text-editor.default\">\n\t\t\t\t<div class=\"elementor-widget-container\">\n\t\t\t\t\t\t\t\t\t<ol>\n<li>Que les croyants se rassemblent comme des autels du Seigneur pour interc\u00e9der continuellement pour le salut des \u00e2mes et qu&rsquo;ils partent comme t\u00e9moins du Seigneur J\u00e9sus pour la moisson des \u00e2mes vers les nations (Actes 1:8, 2:1-4 ; \u00c9sa\u00efe 2:1-2, 56:7 ; Marc 11:17).<\/li>\n<li>Que tous les autels de pri\u00e8re des sentinelles continuent d&rsquo;interc\u00e9der jusqu&rsquo;\u00e0 ce que le Christ soit r\u00e9v\u00e9l\u00e9 aux nations et que les \u00e2mes viennent \u00e0 lui (\u00c9sa\u00efe 56:7, 62:6-7 ; Marc 11:17 ; Hab. 2:14).<\/li>\n<\/ol>\n\t\t\t\t\t\t\t\t<\/div>\n\t\t\t\t<\/div>\n\t\t\t\t\t<\/div>\n\t\t<\/div>\n\t\t\t\t\t<\/div>\n\t\t<\/section>\n\t\t\t\t\t<\/div>\n\t\t<\/div>\n\t\t\t\t\t<\/div>\n\t\t<\/section>\n\t\t\t\t<section class=\"elementor-section elementor-top-section elementor-element elementor-element-3d4213b elementor-section-content-middle elementor-section-boxed elementor-section-height-default elementor-section-height-default\" data-id=\"3d4213b\" data-element_type=\"section\">\n\t\t\t\t\t\t<div class=\"elementor-container elementor-column-gap-no\">\n\t\t\t\t\t<div class=\"elementor-column elementor-col-100 elementor-top-column elementor-element elementor-element-1e085ee\" data-id=\"1e085ee\" data-element_type=\"column\">\n\t\t\t<div class=\"elementor-widget-wrap elementor-element-populated\">\n\t\t\t\t\t\t<div class=\"elementor-element elementor-element-bab10f3 elementor-widget__width-initial elementor-widget elementor-widget-heading\" data-id=\"bab10f3\" data-element_type=\"widget\" data-widget_type=\"heading.default\">\n\t\t\t\t<div class=\"elementor-widget-container\">\n\t\t\t\t\t<h2 class=\"elementor-heading-title elementor-size-default\"><font color=\"#347d7a\">R\u00e9veiller et mobiliser les sentinelles dans les nations <\/font><\/h2>\t\t\t\t<\/div>\n\t\t\t\t<\/div>\n\t\t\t\t<section class=\"elementor-section elementor-inner-section elementor-element elementor-element-44b2b3c elementor-section-boxed elementor-section-height-default elementor-section-height-default\" data-id=\"44b2b3c\" data-element_type=\"section\">\n\t\t\t\t\t\t<div class=\"elementor-container elementor-column-gap-default\">\n\t\t\t\t\t<div class=\"elementor-column elementor-col-100 elementor-inner-column elementor-element elementor-element-85964ef\" data-id=\"85964ef\" data-element_type=\"column\">\n\t\t\t<div class=\"elementor-widget-wrap elementor-element-populated\">\n\t\t\t\t\t\t<div class=\"elementor-element elementor-element-d01b482 elementor-widget elementor-widget-text-editor\" data-id=\"d01b482\" data-element_type=\"widget\" data-widget_type=\"text-editor.default\">\n\t\t\t\t<div class=\"elementor-widget-container\">\n\t\t\t\t\t\t\t\t\t<ol>\n<li>Esprit Saint, que la vision des sentinelles soit transmise aux croyants des nations (Prov. 29:18).<\/li>\n<li>Esprit Saint, souffle sur les nations pour susciter et multiplier les sentinelles dans les nations (\u00c9sa\u00efe 32,15). <\/li>\n<li>Saint-Esprit, fait que les intercesseurs se l\u00e8vent et prennent leur position de Sentinelles sur les nations (\u00c9sa\u00efe 60:1-2 ; \u00c9z\u00e9chiel 37:1-12). <\/li>\n<li>Esprit Saint, \u00e9quipe les Sentinelles de l&rsquo;esprit d&rsquo;enfantement et que l&rsquo;onction de l&rsquo;intercession proph\u00e9tique soit sur toutes les Sentinelles dans les nations (Esa\u00efe 21:6, 66:7-8). <\/li>\n<li>Esprit Saint, que l&rsquo;esprit d&rsquo;unit\u00e9 pr\u00e9vale dans le corps du Christ dans les nations. Que l&rsquo;esprit d&rsquo;unit\u00e9 l&#8217;emporte sur la puissance d\u00e9moniaque de division parmi les responsables du corps du Christ et parmi les sentinelles (Ps. 133 ; Jean 17:21-23 ; Actes 1:14, 2:1-4).  <\/li>\n<li>Esprit Saint, que le corps du Christ soit renforc\u00e9 et qu&rsquo;il y ait un r\u00e9veil avec la d\u00e9monstration de la puissance de l&rsquo;Evangile. Nous consacrons les nations au Seigneur J\u00e9sus. Que la gloire de Dieu remplisse les nations.   <\/li>\n<li>Esprit Saint, nous consacrons les nations au Seigneur J\u00e9sus afin qu&rsquo;elles soient remplies de la gloire de Dieu au nom de J\u00e9sus (Phil.2:9-11).<\/li>\n<\/ol>\n\t\t\t\t\t\t\t\t<\/div>\n\t\t\t\t<\/div>\n\t\t\t\t\t<\/div>\n\t\t<\/div>\n\t\t\t\t\t<\/div>\n\t\t<\/section>\n\t\t\t\t\t<\/div>\n\t\t<\/div>\n\t\t\t\t\t<\/div>\n\t\t<\/section>\n\t\t\t\t<\/div>\n\t\t","protected":false},"excerpt":{"rendered":"<p>Rejoignez-nous CHAQUE SAMEDI \u00e0 06h30, heure de Washington, DC, USA. REJOIGNEZ-NOUS MAINTENANT D\u00e9clarer la r\u00e9v\u00e9lation de J\u00e9sus et son r\u00e8gne dans le c\u0153ur des hommes dans les nations. Nous exaltons [&hellip;]<\/p>\n","protected":false},"author":3,"featured_media":0,"parent":0,"menu_order":0,"comment_status":"closed","ping_status":"closed","template":"elementor_header_footer","meta":{"_monsterinsights_skip_tracking":false,"_monsterinsights_sitenote_active":false,"_monsterinsights_sitenote_note":"","_monsterinsights_sitenote_category":0,"iawp_total_views":4,"footnotes":""},"class_list":["post-22433","page","type-page","status-publish","hentry","entry"],"aioseo_notices":[],"yoast_head":"<!-- This site is optimized with the Yoast SEO plugin v27.3 - https:\/\/yoast.com\/product\/yoast-seo-wordpress\/ -->\n<title>Pri\u00e8res - Souls for Jesus<\/title>\n<meta name=\"robots\" content=\"index, follow, max-snippet:-1, max-image-preview:large, max-video-preview:-1\" \/>\n<link rel=\"canonical\" href=\"https:\/\/souls4jesus.com\/fr\/prayers\/\" \/>\n<meta property=\"og:locale\" content=\"fr_FR\" \/>\n<meta property=\"og:type\" content=\"article\" \/>\n<meta property=\"og:title\" content=\"Pri\u00e8res - Souls for Jesus\" \/>\n<meta property=\"og:description\" content=\"Rejoignez-nous CHAQUE SAMEDI \u00e0 06h30, heure de Washington, DC, USA. REJOIGNEZ-NOUS MAINTENANT D\u00e9clarer la r\u00e9v\u00e9lation de J\u00e9sus et son r\u00e8gne dans le c\u0153ur des hommes dans les nations. Nous exaltons [&hellip;]\" \/>\n<meta property=\"og:url\" content=\"https:\/\/souls4jesus.com\/fr\/prayers\/\" \/>\n<meta property=\"og:site_name\" content=\"Souls for Jesus\" \/>\n<meta property=\"article:modified_time\" content=\"2025-02-01T19:15:56+00:00\" \/>\n<meta name=\"twitter:card\" content=\"summary_large_image\" \/>\n<meta name=\"twitter:label1\" content=\"Dur\u00e9e de lecture estim\u00e9e\" \/>\n\t<meta name=\"twitter:data1\" content=\"4 minutes\" \/>\n<script type=\"application\/ld+json\" class=\"yoast-schema-graph\">{\"@context\":\"https:\\\/\\\/schema.org\",\"@graph\":[{\"@type\":\"WebPage\",\"@id\":\"https:\\\/\\\/souls4jesus.com\\\/fr\\\/prayers\\\/\",\"url\":\"https:\\\/\\\/souls4jesus.com\\\/fr\\\/prayers\\\/\",\"name\":\"Pri\u00e8res - Souls for Jesus\",\"isPartOf\":{\"@id\":\"https:\\\/\\\/souls4jesus.com\\\/fr\\\/#website\"},\"datePublished\":\"2024-09-18T20:07:10+00:00\",\"dateModified\":\"2025-02-01T19:15:56+00:00\",\"inLanguage\":\"fr-FR\",\"potentialAction\":[{\"@type\":\"ReadAction\",\"target\":[\"https:\\\/\\\/souls4jesus.com\\\/fr\\\/prayers\\\/\"]}]},{\"@type\":\"WebSite\",\"@id\":\"https:\\\/\\\/souls4jesus.com\\\/fr\\\/#website\",\"url\":\"https:\\\/\\\/souls4jesus.com\\\/fr\\\/\",\"name\":\"Souls for Jesus\",\"description\":\"\",\"publisher\":{\"@id\":\"https:\\\/\\\/souls4jesus.com\\\/fr\\\/#organization\"},\"potentialAction\":[{\"@type\":\"SearchAction\",\"target\":{\"@type\":\"EntryPoint\",\"urlTemplate\":\"https:\\\/\\\/souls4jesus.com\\\/fr\\\/?s={search_term_string}\"},\"query-input\":{\"@type\":\"PropertyValueSpecification\",\"valueRequired\":true,\"valueName\":\"search_term_string\"}}],\"inLanguage\":\"fr-FR\"},{\"@type\":\"Organization\",\"@id\":\"https:\\\/\\\/souls4jesus.com\\\/fr\\\/#organization\",\"name\":\"Souls for Jesus\",\"url\":\"https:\\\/\\\/souls4jesus.com\\\/fr\\\/\",\"logo\":{\"@type\":\"ImageObject\",\"inLanguage\":\"fr-FR\",\"@id\":\"https:\\\/\\\/souls4jesus.com\\\/fr\\\/#\\\/schema\\\/logo\\\/image\\\/\",\"url\":\"https:\\\/\\\/souls4jesus.com\\\/wp-content\\\/uploads\\\/2020\\\/08\\\/Watchmen-logo-name-350-x-200.webp\",\"contentUrl\":\"https:\\\/\\\/souls4jesus.com\\\/wp-content\\\/uploads\\\/2020\\\/08\\\/Watchmen-logo-name-350-x-200.webp\",\"width\":1920,\"height\":907,\"caption\":\"Souls for Jesus\"},\"image\":{\"@id\":\"https:\\\/\\\/souls4jesus.com\\\/fr\\\/#\\\/schema\\\/logo\\\/image\\\/\"}}]}<\/script>\n<!-- \/ Yoast SEO plugin. -->","yoast_head_json":{"title":"Pri\u00e8res - Souls for Jesus","robots":{"index":"index","follow":"follow","max-snippet":"max-snippet:-1","max-image-preview":"max-image-preview:large","max-video-preview":"max-video-preview:-1"},"canonical":"https:\/\/souls4jesus.com\/fr\/prayers\/","og_locale":"fr_FR","og_type":"article","og_title":"Pri\u00e8res - Souls for Jesus","og_description":"Rejoignez-nous CHAQUE SAMEDI \u00e0 06h30, heure de Washington, DC, USA. REJOIGNEZ-NOUS MAINTENANT D\u00e9clarer la r\u00e9v\u00e9lation de J\u00e9sus et son r\u00e8gne dans le c\u0153ur des hommes dans les nations. Nous exaltons [&hellip;]","og_url":"https:\/\/souls4jesus.com\/fr\/prayers\/","og_site_name":"Souls for Jesus","article_modified_time":"2025-02-01T19:15:56+00:00","twitter_card":"summary_large_image","twitter_misc":{"Dur\u00e9e de lecture estim\u00e9e":"4 minutes"},"schema":{"@context":"https:\/\/schema.org","@graph":[{"@type":"WebPage","@id":"https:\/\/souls4jesus.com\/fr\/prayers\/","url":"https:\/\/souls4jesus.com\/fr\/prayers\/","name":"Pri\u00e8res - Souls for Jesus","isPartOf":{"@id":"https:\/\/souls4jesus.com\/fr\/#website"},"datePublished":"2024-09-18T20:07:10+00:00","dateModified":"2025-02-01T19:15:56+00:00","inLanguage":"fr-FR","potentialAction":[{"@type":"ReadAction","target":["https:\/\/souls4jesus.com\/fr\/prayers\/"]}]},{"@type":"WebSite","@id":"https:\/\/souls4jesus.com\/fr\/#website","url":"https:\/\/souls4jesus.com\/fr\/","name":"Souls for Jesus","description":"","publisher":{"@id":"https:\/\/souls4jesus.com\/fr\/#organization"},"potentialAction":[{"@type":"SearchAction","target":{"@type":"EntryPoint","urlTemplate":"https:\/\/souls4jesus.com\/fr\/?s={search_term_string}"},"query-input":{"@type":"PropertyValueSpecification","valueRequired":true,"valueName":"search_term_string"}}],"inLanguage":"fr-FR"},{"@type":"Organization","@id":"https:\/\/souls4jesus.com\/fr\/#organization","name":"Souls for Jesus","url":"https:\/\/souls4jesus.com\/fr\/","logo":{"@type":"ImageObject","inLanguage":"fr-FR","@id":"https:\/\/souls4jesus.com\/fr\/#\/schema\/logo\/image\/","url":"https:\/\/souls4jesus.com\/wp-content\/uploads\/2020\/08\/Watchmen-logo-name-350-x-200.webp","contentUrl":"https:\/\/souls4jesus.com\/wp-content\/uploads\/2020\/08\/Watchmen-logo-name-350-x-200.webp","width":1920,"height":907,"caption":"Souls for Jesus"},"image":{"@id":"https:\/\/souls4jesus.com\/fr\/#\/schema\/logo\/image\/"}}]}},"_links":{"self":[{"href":"https:\/\/souls4jesus.com\/fr\/wp-json\/wp\/v2\/pages\/22433","targetHints":{"allow":["GET"]}}],"collection":[{"href":"https:\/\/souls4jesus.com\/fr\/wp-json\/wp\/v2\/pages"}],"about":[{"href":"https:\/\/souls4jesus.com\/fr\/wp-json\/wp\/v2\/types\/page"}],"author":[{"embeddable":true,"href":"https:\/\/souls4jesus.com\/fr\/wp-json\/wp\/v2\/users\/3"}],"replies":[{"embeddable":true,"href":"https:\/\/souls4jesus.com\/fr\/wp-json\/wp\/v2\/comments?post=22433"}],"version-history":[{"count":5,"href":"https:\/\/souls4jesus.com\/fr\/wp-json\/wp\/v2\/pages\/22433\/revisions"}],"predecessor-version":[{"id":22511,"href":"https:\/\/souls4jesus.com\/fr\/wp-json\/wp\/v2\/pages\/22433\/revisions\/22511"}],"wp:attachment":[{"href":"https:\/\/souls4jesus.com\/fr\/wp-json\/wp\/v2\/media?parent=22433"}],"curies":[{"name":"wp","href":"https:\/\/api.w.org\/{rel}","templated":true}]}}