{"id":22431,"date":"2024-09-18T20:36:35","date_gmt":"2024-09-18T20:36:35","guid":{"rendered":"https:\/\/souls4jesus.com\/social-education\/"},"modified":"2025-01-24T14:30:47","modified_gmt":"2025-01-24T14:30:47","slug":"social-education","status":"publish","type":"page","link":"https:\/\/souls4jesus.com\/fr\/social-education\/","title":{"rendered":"SOCIAL ET \u00c9DUCATION"},"content":{"rendered":"\t\t<div data-elementor-type=\"wp-page\" data-elementor-id=\"22431\" class=\"elementor elementor-22431 elementor-21420\" data-elementor-post-type=\"page\">\n\t\t\t\t<div class=\"elementor-element elementor-element-daf3a78 e-grid e-con-boxed e-con e-parent\" data-id=\"daf3a78\" data-element_type=\"container\">\n\t\t\t\t\t<div class=\"e-con-inner\">\n\t\t<div class=\"elementor-element elementor-element-ccb007e e-con-full e-flex e-con e-child\" data-id=\"ccb007e\" data-element_type=\"container\">\n\t\t<div class=\"elementor-element elementor-element-0ab6fef e-con-full e-flex e-con e-child\" data-id=\"0ab6fef\" data-element_type=\"container\">\n\t\t\t\t<div class=\"elementor-element elementor-element-a2c8b93 elementor-widget elementor-widget-heading\" data-id=\"a2c8b93\" data-element_type=\"widget\" data-widget_type=\"heading.default\">\n\t\t\t\t<div class=\"elementor-widget-container\">\n\t\t\t\t\t<h2 class=\"elementor-heading-title elementor-size-default\">EN ALLANT \u00c0 LA RENCONTRE DES AUTRES PAR LE BIAIS DE NOTRE INITIATIVE DE BRAS SOCIAL<\/h2>\t\t\t\t<\/div>\n\t\t\t\t<\/div>\n\t\t\t\t<\/div>\n\t\t<div class=\"elementor-element elementor-element-4add62a e-con-full e-flex e-con e-child\" data-id=\"4add62a\" data-element_type=\"container\">\n\t\t\t\t<div class=\"elementor-element elementor-element-85818d2 elementor-widget elementor-widget-text-editor\" data-id=\"85818d2\" data-element_type=\"widget\" data-widget_type=\"text-editor.default\">\n\t\t\t\t<div class=\"elementor-widget-container\">\n\t\t\t\t\t\t\t\t\t<p>Conform\u00e9ment \u00e0 notre mission sociale<a class=\"rtBibleRef\" href=\"https:\/\/biblia.com\/bible\/kjv1900\/matthew\/25\/31-45\" target=\"_blank\" rel=\"noopener\" data-reference=\"Matt 25.31-45\" data-version=\"esv\" data-purpose=\"bible-reference\">(Matthieu 25:31-45<\/a>), l&rsquo;initiative Watchmen Social Arm sert \u00e0 r\u00e9pondre aux besoins des autres par le biais de divers projets. D\u00e9couvrez-les ci-dessous et voyez comment vous pouvez participer \u00e0 l&rsquo;un d&rsquo;entre eux, \u00e0 quelques-uns ou \u00e0 tous !  <\/p>\n\t\t\t\t\t\t\t\t<\/div>\n\t\t\t\t<\/div>\n\t\t\t\t<\/div>\n\t\t<div class=\"elementor-element elementor-element-306e621 e-con-full e-flex e-con e-child\" data-id=\"306e621\" data-element_type=\"container\">\n\t\t\t\t<div class=\"elementor-element elementor-element-d1cc205 elementor-widget elementor-widget-presto_video\" data-id=\"d1cc205\" data-element_type=\"widget\" data-widget_type=\"presto_video.default\">\n\t\t\t\t<div class=\"elementor-widget-container\">\n\t\t\t\t\t<!--presto-player:video_id=1--><figure class=\"wp-block-video presto-block-video  presto-provider-youtube\" style=\"--plyr-color-main: var(--presto-player-highlight-color, #00b3ff); --presto-player-logo-width: 150px; \">\n\t<presto-player \n\t\tpreset='{&quot;id&quot;:1,&quot;name&quot;:&quot;Default&quot;,&quot;slug&quot;:&quot;default&quot;,&quot;icon&quot;:&quot;format-video&quot;,&quot;skin&quot;:&quot;modern&quot;,&quot;play-large&quot;:true,&quot;rewind&quot;:true,&quot;play&quot;:true,&quot;fast-forward&quot;:true,&quot;progress&quot;:true,&quot;current-time&quot;:true,&quot;mute&quot;:true,&quot;volume&quot;:true,&quot;speed&quot;:false,&quot;pip&quot;:false,&quot;fullscreen&quot;:true,&quot;captions&quot;:false,&quot;reset_on_end&quot;:true,&quot;auto_hide&quot;:true,&quot;show_time_elapsed&quot;:false,&quot;captions_enabled&quot;:false,&quot;save_player_position&quot;:true,&quot;sticky_scroll&quot;:false,&quot;sticky_scroll_position&quot;:&quot;bottom right&quot;,&quot;on_video_end&quot;:&quot;select&quot;,&quot;play_video_viewport&quot;:false,&quot;hide_youtube&quot;:false,&quot;lazy_load_youtube&quot;:false,&quot;hide_logo&quot;:false,&quot;border_radius&quot;:0,&quot;caption_style&quot;:&quot;&quot;,&quot;caption_background&quot;:&quot;&quot;,&quot;is_locked&quot;:true,&quot;cta&quot;:[&quot;&quot;],&quot;watermark&quot;:[&quot;&quot;],&quot;search&quot;:[&quot;&quot;],&quot;email_collection&quot;:[&quot;&quot;],&quot;action_bar&quot;:[&quot;&quot;],&quot;created_by&quot;:3,&quot;created_at&quot;:&quot;2024-11-03 15:04:01&quot;,&quot;updated_at&quot;:&quot;2024-11-03 15:04:01&quot;,&quot;deleted_at&quot;:&quot;&quot;}'\n\t\tbranding='{&quot;logo&quot;:&quot;&quot;,&quot;color&quot;:&quot;#00b3ff&quot;,&quot;logo_width&quot;:150,&quot;player_css&quot;:&quot;&quot;}'\n\t\tchapters='[]'\n\t\toverlays='[]'\n\t\ttracks='[]'\n\t\tblock-attributes='{&quot;playsInline&quot;:true,&quot;id&quot;:1,&quot;src&quot;:&quot;https:\\\/\\\/www.youtube.com\\\/watch?v=zEg3pIeTTrA&quot;,&quot;preset&quot;:1,&quot;video_id&quot;:&quot;zEg3pIeTTrA&quot;,&quot;title&quot;:&quot;Watchmen Social Arm&quot;}'\n\t\tanalytics=''\n\t\tautomations\t\tprovider='youtube'\n\t\t\t\tid=\"presto-player-1\"\n\t\tsrc=\"\/\/www.youtube.com\/embed\/zEg3pIeTTrA?iv_load_policy=3&amp;modestbranding=1&amp;playinline=1&amp;showinfo=0&amp;rel=0&amp;enablejsapi=1\"\n\t\tmedia-title=\"Watchmen Social Arm\"\n\t\tcss=\"\"\n\t\tclass=\"presto-video-id-1 presto-preset-id-1 skin-modern\"\n\t\tskin=\"modern\" \n\t\ticon-url=\"https:\/\/souls4jesus.com\/wp-content\/plugins\/presto-player\/img\/sprite.svg\" \n\t\tpreload=\"\" \n\t\tposter=\"\"\n\t\tyoutube=\"{&quot;noCookie&quot;:false,&quot;channelId&quot;:&quot;UCXVxsYkggJWwhPmbrcH9Zsg&quot;,&quot;show_count&quot;:false}\"\n\t\tprovider-video-id=\"zEg3pIeTTrA\"\n\t\tvideo-id=\"1\"\n\t\t\t\tvideo-attributes='{}'\n\t\tplaysinline\t\t\t\t>\n\t\t\n    <div class=\"presto-iframe-fallback-container\">\n        <iframe style=\"width: 100%\" title=\"Youtube Video\" class=\"presto-fallback-iframe\" id=\"presto-iframe-fallback-1\" data-src=\"https:\/\/www.youtube.com\/embed\/zEg3pIeTTrA?iv_load_policy=3&amp;modestbranding=1&amp;playsinline=1&amp;showinfo=0&amp;rel=0&amp;enablejsapi=1\" allowfullscreen allowtransparency allow=\"autoplay\"><\/iframe>\n    <\/div>\n\n\t<\/presto-player>\n<\/figure>\t\t\t\t<\/div>\n\t\t\t\t<\/div>\n\t\t\t\t<\/div>\n\t\t\t\t<\/div>\n\t\t\t\t\t<\/div>\n\t\t\t\t<\/div>\n\t\t<div class=\"elementor-element elementor-element-3cccc3d e-grid e-con-boxed e-con e-parent\" data-id=\"3cccc3d\" data-element_type=\"container\">\n\t\t\t\t\t<div class=\"e-con-inner\">\n\t\t<div class=\"elementor-element elementor-element-e713a47 e-con-full e-flex e-con e-child\" data-id=\"e713a47\" data-element_type=\"container\">\n\t\t\t\t<div class=\"elementor-element elementor-element-8f510be elementor-widget elementor-widget-heading\" data-id=\"8f510be\" data-element_type=\"widget\" data-widget_type=\"heading.default\">\n\t\t\t\t<div class=\"elementor-widget-container\">\n\t\t\t\t\t<h2 class=\"elementor-heading-title elementor-size-default\">Les sans-abri<\/h2>\t\t\t\t<\/div>\n\t\t\t\t<\/div>\n\t\t<div class=\"elementor-element elementor-element-92fa302 e-grid e-con-full e-con e-child\" data-id=\"92fa302\" data-element_type=\"container\">\n\t\t\t\t<div class=\"elementor-element elementor-element-1bc721e elementor-widget elementor-widget-text-editor\" data-id=\"1bc721e\" data-element_type=\"widget\" data-widget_type=\"text-editor.default\">\n\t\t\t\t<div class=\"elementor-widget-container\">\n\t\t\t\t\t\t\t\t\t<p>En faisant du b\u00e9n\u00e9volat, des dons ou simplement en faisant preuve de gentillesse et de compassion envers les moins fortun\u00e9s, nous pouvons faire la diff\u00e9rence dans la vie des sans-abri et \u0153uvrer \u00e0 la cr\u00e9ation d&rsquo;une communaut\u00e9 plus solidaire et plus inclusive pour tous. Soyons solidaires et ayons un impact positif sur la vie des sans-abri dans notre soci\u00e9t\u00e9.<\/p>\n\t\t\t\t\t\t\t\t<\/div>\n\t\t\t\t<\/div>\n\t\t\t\t<\/div>\n\t\t\t\t<\/div>\n\t\t<div class=\"elementor-element elementor-element-937696e e-con-full e-flex e-con e-child\" data-id=\"937696e\" data-element_type=\"container\">\n\t\t\t\t<div class=\"elementor-element elementor-element-542739f elementor-widget elementor-widget-heading\" data-id=\"542739f\" data-element_type=\"widget\" data-widget_type=\"heading.default\">\n\t\t\t\t<div class=\"elementor-widget-container\">\n\t\t\t\t\t<h2 class=\"elementor-heading-title elementor-size-default\">Orphelins et veuves<\/h2>\t\t\t\t<\/div>\n\t\t\t\t<\/div>\n\t\t<div class=\"elementor-element elementor-element-9b5f10b e-grid e-con-full e-con e-child\" data-id=\"9b5f10b\" data-element_type=\"container\">\n\t\t\t\t<div class=\"elementor-element elementor-element-0f95618 elementor-widget elementor-widget-text-editor\" data-id=\"0f95618\" data-element_type=\"widget\" data-widget_type=\"text-editor.default\">\n\t\t\t\t<div class=\"elementor-widget-container\">\n\t\t\t\t\t\t\t\t\t<p>En tendant une main secourable aux orphelins et aux veuves, nous ne suivons pas seulement les enseignements de Dieu, mais nous cr\u00e9ons aussi une communaut\u00e9 d&rsquo;amour et de soutien. Ensemble, nous pouvons faire la diff\u00e9rence dans la vie de ceux qui en ont le plus besoin. Unissons nos forces pour r\u00e9pandre la gentillesse et la g\u00e9n\u00e9rosit\u00e9 et, ce faisant, nous pourrons vraiment faire du monde un endroit meilleur pour tous.<\/p>\n\t\t\t\t\t\t\t\t<\/div>\n\t\t\t\t<\/div>\n\t\t\t\t<\/div>\n\t\t\t\t<\/div>\n\t\t<div class=\"elementor-element elementor-element-958861f e-con-full e-flex e-con e-child\" data-id=\"958861f\" data-element_type=\"container\">\n\t\t\t\t<div class=\"elementor-element elementor-element-cb906c7 elementor-widget elementor-widget-heading\" data-id=\"cb906c7\" data-element_type=\"widget\" data-widget_type=\"heading.default\">\n\t\t\t\t<div class=\"elementor-widget-container\">\n\t\t\t\t\t<h2 class=\"elementor-heading-title elementor-size-default\">Les missionnaires<\/h2>\t\t\t\t<\/div>\n\t\t\t\t<\/div>\n\t\t<div class=\"elementor-element elementor-element-7b90424 e-grid e-con-full e-con e-child\" data-id=\"7b90424\" data-element_type=\"container\">\n\t\t\t\t<div class=\"elementor-element elementor-element-8124906 elementor-widget elementor-widget-text-editor\" data-id=\"8124906\" data-element_type=\"widget\" data-widget_type=\"text-editor.default\">\n\t\t\t\t<div class=\"elementor-widget-container\">\n\t\t\t\t\t\t\t\t\t<p>Que votre lumi\u00e8re brille pour que le monde entier la voie ! R\u00e9pandez l&rsquo;amour et la compassion aupr\u00e8s des personnes dans le besoin. Votre soutien peut avoir un impact significatif sur la vie des autres et apporter de l&rsquo;espoir \u00e0 ceux qui sont confront\u00e9s \u00e0 des d\u00e9fis. Dans l&rsquo;unit\u00e9 et la bienveillance, soutenons les missionnaires dans leur noble mission.<\/p>\n\t\t\t\t\t\t\t\t<\/div>\n\t\t\t\t<\/div>\n\t\t\t\t<\/div>\n\t\t\t\t<\/div>\n\t\t<div class=\"elementor-element elementor-element-358a6da e-con-full e-flex e-con e-child\" data-id=\"358a6da\" data-element_type=\"container\">\n\t\t\t\t<div class=\"elementor-element elementor-element-6853747 elementor-widget elementor-widget-heading\" data-id=\"6853747\" data-element_type=\"widget\" data-widget_type=\"heading.default\">\n\t\t\t\t<div class=\"elementor-widget-container\">\n\t\t\t\t\t<h2 class=\"elementor-heading-title elementor-size-default\">Programme radio au Costa Rica<\/h2>\t\t\t\t<\/div>\n\t\t\t\t<\/div>\n\t\t<div class=\"elementor-element elementor-element-2e85aee e-grid e-con-full e-con e-child\" data-id=\"2e85aee\" data-element_type=\"container\">\n\t\t\t\t<div class=\"elementor-element elementor-element-1a01f6b elementor-widget elementor-widget-text-editor\" data-id=\"1a01f6b\" data-element_type=\"widget\" data-widget_type=\"text-editor.default\">\n\t\t\t\t<div class=\"elementor-widget-container\">\n\t\t\t\t\t\t\t\t\t<p>Notre programme radio au Costa Rica est un phare d&rsquo;espoir et de positivit\u00e9, atteignant les c\u0153urs et les esprits avec le message de la Parole de Dieu. Sur les ondes, nous nous effor\u00e7ons d&rsquo;\u00e9lever, d&rsquo;inspirer et de partager les enseignements qui apportent r\u00e9confort et conseils \u00e0 tous ceux qui nous \u00e9coutent. Votre soutien est essentiel pour nous permettre de continuer \u00e0 r\u00e9pandre la lumi\u00e8re et \u00e0 accomplir la volont\u00e9 de Dieu sur terre. Ensemble, nous pouvons faire la diff\u00e9rence et toucher la vie de nombreuses personnes gr\u00e2ce au pouvoir de la foi et de l&rsquo;amour. Merci de participer \u00e0 cette importante mission.<\/p>\n\t\t\t\t\t\t\t\t<\/div>\n\t\t\t\t<\/div>\n\t\t\t\t<\/div>\n\t\t\t\t<\/div>\n\t\t<div class=\"elementor-element elementor-element-657ec43 e-con-full e-flex e-con e-child\" data-id=\"657ec43\" data-element_type=\"container\">\n\t\t\t\t<div class=\"elementor-element elementor-element-03f0fe0 elementor-widget elementor-widget-heading\" data-id=\"03f0fe0\" data-element_type=\"widget\" data-widget_type=\"heading.default\">\n\t\t\t\t<div class=\"elementor-widget-container\">\n\t\t\t\t\t<h2 class=\"elementor-heading-title elementor-size-default\">Les prisonniers<\/h2>\t\t\t\t<\/div>\n\t\t\t\t<\/div>\n\t\t<div class=\"elementor-element elementor-element-3a503cb e-grid e-con-full e-con e-child\" data-id=\"3a503cb\" data-element_type=\"container\">\n\t\t\t\t<div class=\"elementor-element elementor-element-74cae29 elementor-widget elementor-widget-text-editor\" data-id=\"74cae29\" data-element_type=\"widget\" data-widget_type=\"text-editor.default\">\n\t\t\t\t<div class=\"elementor-widget-container\">\n\t\t\t\t\t\t\t\t\t<p>En tendant la main aux d\u00e9tenus, nous leur offrons non seulement une aide pratique, mais aussi de l&rsquo;espoir et de la r\u00e9silience. Il est essentiel de reconna\u00eetre que m\u00eame les plus petits actes de gentillesse peuvent avoir un impact profond sur la vie de quelqu&rsquo;un. La libert\u00e9 existe au nom de J\u00e9sus !<\/p>\n\t\t\t\t\t\t\t\t<\/div>\n\t\t\t\t<\/div>\n\t\t\t\t<\/div>\n\t\t\t\t<\/div>\n\t\t\t\t\t<\/div>\n\t\t\t\t<\/div>\n\t\t\t\t<\/div>\n\t\t","protected":false},"excerpt":{"rendered":"<p>EN ALLANT \u00c0 LA RENCONTRE DES AUTRES PAR LE BIAIS DE NOTRE INITIATIVE DE BRAS SOCIAL Conform\u00e9ment \u00e0 notre mission sociale(Matthieu 25:31-45), l&rsquo;initiative Watchmen Social Arm sert \u00e0 r\u00e9pondre aux [&hellip;]<\/p>\n","protected":false},"author":3,"featured_media":0,"parent":0,"menu_order":0,"comment_status":"closed","ping_status":"closed","template":"elementor_header_footer","meta":{"_monsterinsights_skip_tracking":false,"_monsterinsights_sitenote_active":false,"_monsterinsights_sitenote_note":"","_monsterinsights_sitenote_category":0,"iawp_total_views":2,"footnotes":""},"class_list":["post-22431","page","type-page","status-publish","hentry","entry"],"aioseo_notices":[],"yoast_head":"<!-- This site is optimized with the Yoast SEO plugin v27.3 - https:\/\/yoast.com\/product\/yoast-seo-wordpress\/ -->\n<title>SOCIAL ET \u00c9DUCATION - Souls for Jesus<\/title>\n<meta name=\"robots\" content=\"index, follow, max-snippet:-1, max-image-preview:large, max-video-preview:-1\" \/>\n<link rel=\"canonical\" href=\"https:\/\/souls4jesus.com\/fr\/social-education\/\" \/>\n<meta property=\"og:locale\" content=\"fr_FR\" \/>\n<meta property=\"og:type\" content=\"article\" \/>\n<meta property=\"og:title\" content=\"SOCIAL ET \u00c9DUCATION - Souls for Jesus\" \/>\n<meta property=\"og:description\" content=\"EN ALLANT \u00c0 LA RENCONTRE DES AUTRES PAR LE BIAIS DE NOTRE INITIATIVE DE BRAS SOCIAL Conform\u00e9ment \u00e0 notre mission sociale(Matthieu 25:31-45), l&rsquo;initiative Watchmen Social Arm sert \u00e0 r\u00e9pondre aux [&hellip;]\" \/>\n<meta property=\"og:url\" content=\"https:\/\/souls4jesus.com\/fr\/social-education\/\" \/>\n<meta property=\"og:site_name\" content=\"Souls for Jesus\" \/>\n<meta property=\"article:modified_time\" content=\"2025-01-24T14:30:47+00:00\" \/>\n<meta name=\"twitter:card\" content=\"summary_large_image\" \/>\n<meta name=\"twitter:label1\" content=\"Dur\u00e9e de lecture estim\u00e9e\" \/>\n\t<meta name=\"twitter:data1\" content=\"2 minutes\" \/>\n<script type=\"application\/ld+json\" class=\"yoast-schema-graph\">{\"@context\":\"https:\\\/\\\/schema.org\",\"@graph\":[{\"@type\":\"WebPage\",\"@id\":\"https:\\\/\\\/souls4jesus.com\\\/fr\\\/social-education\\\/\",\"url\":\"https:\\\/\\\/souls4jesus.com\\\/fr\\\/social-education\\\/\",\"name\":\"SOCIAL ET \u00c9DUCATION - Souls for Jesus\",\"isPartOf\":{\"@id\":\"https:\\\/\\\/souls4jesus.com\\\/fr\\\/#website\"},\"datePublished\":\"2024-09-18T20:36:35+00:00\",\"dateModified\":\"2025-01-24T14:30:47+00:00\",\"inLanguage\":\"fr-FR\",\"potentialAction\":[{\"@type\":\"ReadAction\",\"target\":[\"https:\\\/\\\/souls4jesus.com\\\/fr\\\/social-education\\\/\"]}]},{\"@type\":\"WebSite\",\"@id\":\"https:\\\/\\\/souls4jesus.com\\\/fr\\\/#website\",\"url\":\"https:\\\/\\\/souls4jesus.com\\\/fr\\\/\",\"name\":\"Souls for Jesus\",\"description\":\"\",\"publisher\":{\"@id\":\"https:\\\/\\\/souls4jesus.com\\\/fr\\\/#organization\"},\"potentialAction\":[{\"@type\":\"SearchAction\",\"target\":{\"@type\":\"EntryPoint\",\"urlTemplate\":\"https:\\\/\\\/souls4jesus.com\\\/fr\\\/?s={search_term_string}\"},\"query-input\":{\"@type\":\"PropertyValueSpecification\",\"valueRequired\":true,\"valueName\":\"search_term_string\"}}],\"inLanguage\":\"fr-FR\"},{\"@type\":\"Organization\",\"@id\":\"https:\\\/\\\/souls4jesus.com\\\/fr\\\/#organization\",\"name\":\"Souls for Jesus\",\"url\":\"https:\\\/\\\/souls4jesus.com\\\/fr\\\/\",\"logo\":{\"@type\":\"ImageObject\",\"inLanguage\":\"fr-FR\",\"@id\":\"https:\\\/\\\/souls4jesus.com\\\/fr\\\/#\\\/schema\\\/logo\\\/image\\\/\",\"url\":\"https:\\\/\\\/souls4jesus.com\\\/wp-content\\\/uploads\\\/2020\\\/08\\\/Watchmen-logo-name-350-x-200.webp\",\"contentUrl\":\"https:\\\/\\\/souls4jesus.com\\\/wp-content\\\/uploads\\\/2020\\\/08\\\/Watchmen-logo-name-350-x-200.webp\",\"width\":1920,\"height\":907,\"caption\":\"Souls for Jesus\"},\"image\":{\"@id\":\"https:\\\/\\\/souls4jesus.com\\\/fr\\\/#\\\/schema\\\/logo\\\/image\\\/\"}}]}<\/script>\n<!-- \/ Yoast SEO plugin. -->","yoast_head_json":{"title":"SOCIAL ET \u00c9DUCATION - Souls for Jesus","robots":{"index":"index","follow":"follow","max-snippet":"max-snippet:-1","max-image-preview":"max-image-preview:large","max-video-preview":"max-video-preview:-1"},"canonical":"https:\/\/souls4jesus.com\/fr\/social-education\/","og_locale":"fr_FR","og_type":"article","og_title":"SOCIAL ET \u00c9DUCATION - Souls for Jesus","og_description":"EN ALLANT \u00c0 LA RENCONTRE DES AUTRES PAR LE BIAIS DE NOTRE INITIATIVE DE BRAS SOCIAL Conform\u00e9ment \u00e0 notre mission sociale(Matthieu 25:31-45), l&rsquo;initiative Watchmen Social Arm sert \u00e0 r\u00e9pondre aux [&hellip;]","og_url":"https:\/\/souls4jesus.com\/fr\/social-education\/","og_site_name":"Souls for Jesus","article_modified_time":"2025-01-24T14:30:47+00:00","twitter_card":"summary_large_image","twitter_misc":{"Dur\u00e9e de lecture estim\u00e9e":"2 minutes"},"schema":{"@context":"https:\/\/schema.org","@graph":[{"@type":"WebPage","@id":"https:\/\/souls4jesus.com\/fr\/social-education\/","url":"https:\/\/souls4jesus.com\/fr\/social-education\/","name":"SOCIAL ET \u00c9DUCATION - Souls for Jesus","isPartOf":{"@id":"https:\/\/souls4jesus.com\/fr\/#website"},"datePublished":"2024-09-18T20:36:35+00:00","dateModified":"2025-01-24T14:30:47+00:00","inLanguage":"fr-FR","potentialAction":[{"@type":"ReadAction","target":["https:\/\/souls4jesus.com\/fr\/social-education\/"]}]},{"@type":"WebSite","@id":"https:\/\/souls4jesus.com\/fr\/#website","url":"https:\/\/souls4jesus.com\/fr\/","name":"Souls for Jesus","description":"","publisher":{"@id":"https:\/\/souls4jesus.com\/fr\/#organization"},"potentialAction":[{"@type":"SearchAction","target":{"@type":"EntryPoint","urlTemplate":"https:\/\/souls4jesus.com\/fr\/?s={search_term_string}"},"query-input":{"@type":"PropertyValueSpecification","valueRequired":true,"valueName":"search_term_string"}}],"inLanguage":"fr-FR"},{"@type":"Organization","@id":"https:\/\/souls4jesus.com\/fr\/#organization","name":"Souls for Jesus","url":"https:\/\/souls4jesus.com\/fr\/","logo":{"@type":"ImageObject","inLanguage":"fr-FR","@id":"https:\/\/souls4jesus.com\/fr\/#\/schema\/logo\/image\/","url":"https:\/\/souls4jesus.com\/wp-content\/uploads\/2020\/08\/Watchmen-logo-name-350-x-200.webp","contentUrl":"https:\/\/souls4jesus.com\/wp-content\/uploads\/2020\/08\/Watchmen-logo-name-350-x-200.webp","width":1920,"height":907,"caption":"Souls for Jesus"},"image":{"@id":"https:\/\/souls4jesus.com\/fr\/#\/schema\/logo\/image\/"}}]}},"_links":{"self":[{"href":"https:\/\/souls4jesus.com\/fr\/wp-json\/wp\/v2\/pages\/22431","targetHints":{"allow":["GET"]}}],"collection":[{"href":"https:\/\/souls4jesus.com\/fr\/wp-json\/wp\/v2\/pages"}],"about":[{"href":"https:\/\/souls4jesus.com\/fr\/wp-json\/wp\/v2\/types\/page"}],"author":[{"embeddable":true,"href":"https:\/\/souls4jesus.com\/fr\/wp-json\/wp\/v2\/users\/3"}],"replies":[{"embeddable":true,"href":"https:\/\/souls4jesus.com\/fr\/wp-json\/wp\/v2\/comments?post=22431"}],"version-history":[{"count":3,"href":"https:\/\/souls4jesus.com\/fr\/wp-json\/wp\/v2\/pages\/22431\/revisions"}],"predecessor-version":[{"id":22463,"href":"https:\/\/souls4jesus.com\/fr\/wp-json\/wp\/v2\/pages\/22431\/revisions\/22463"}],"wp:attachment":[{"href":"https:\/\/souls4jesus.com\/fr\/wp-json\/wp\/v2\/media?parent=22431"}],"curies":[{"name":"wp","href":"https:\/\/api.w.org\/{rel}","templated":true}]}}