{"id":22429,"date":"2024-09-18T21:05:16","date_gmt":"2024-09-18T21:05:16","guid":{"rendered":"https:\/\/souls4jesus.com\/books\/"},"modified":"2025-02-01T19:01:10","modified_gmt":"2025-02-01T19:01:10","slug":"books","status":"publish","type":"page","link":"https:\/\/souls4jesus.com\/fr\/books\/","title":{"rendered":"Livres"},"content":{"rendered":"\t\t<div data-elementor-type=\"wp-page\" data-elementor-id=\"22429\" class=\"elementor elementor-22429 elementor-21426\" data-elementor-post-type=\"page\">\n\t\t\t\t<div class=\"elementor-element elementor-element-467f9a8 e-flex e-con-boxed e-con e-parent\" data-id=\"467f9a8\" data-element_type=\"container\">\n\t\t\t\t\t<div class=\"e-con-inner\">\n\t\t<div class=\"elementor-element elementor-element-37fe452 e-grid e-con-full e-con e-child\" data-id=\"37fe452\" data-element_type=\"container\">\n\t\t<div class=\"elementor-element elementor-element-1581be7 e-con-full e-flex e-con e-child\" data-id=\"1581be7\" data-element_type=\"container\">\n\t\t\t\t<div class=\"elementor-element elementor-element-7847243 elementor-widget elementor-widget-image\" data-id=\"7847243\" data-element_type=\"widget\" data-widget_type=\"image.default\">\n\t\t\t\t<div class=\"elementor-widget-container\">\n\t\t\t\t\t\t\t\t\t\t\t\t\t\t\t\t<a href=\"https:\/\/www.amazon.fr\/MOUVEMENT-PRI%C3%88RE-SENTINELLES-Selon-C%C5%93ur\/dp\/B0CW2MBYT2\">\n\t\t\t\t\t\t\t<img fetchpriority=\"high\" decoding=\"async\" width=\"360\" height=\"466\" src=\"https:\/\/souls4jesus.com\/wp-content\/uploads\/2024\/10\/watchmen-book-french.jpg\" class=\"attachment-large size-large wp-image-22407\" alt=\"\" srcset=\"https:\/\/souls4jesus.com\/wp-content\/uploads\/2024\/10\/watchmen-book-french.jpg 360w, https:\/\/souls4jesus.com\/wp-content\/uploads\/2024\/10\/watchmen-book-french-232x300.jpg 232w\" sizes=\"(max-width: 360px) 100vw, 360px\" \/>\t\t\t\t\t\t\t\t<\/a>\n\t\t\t\t\t\t\t\t\t\t\t\t\t\t\t<\/div>\n\t\t\t\t<\/div>\n\t\t\t\t<div class=\"elementor-element elementor-element-636bdee elementor-widget elementor-widget-text-editor\" data-id=\"636bdee\" data-element_type=\"widget\" data-widget_type=\"text-editor.default\">\n\t\t\t\t<div class=\"elementor-widget-container\">\n\t\t\t\t\t\t\t\t\t<p id=\"title\" class=\"a-spacing-none a-text-normal\"><a href=\"https:\/\/www.amazon.fr\/MOUVEMENT-PRI%C3%88RE-SENTINELLES-Selon-C%C5%93ur\/dp\/B0CW2MBYT2\"><span id=\"productTitle\" class=\"a-size-large celwidget\" data-csa-c-id=\"wq21f-jx2c03-ygsdbk-2rio4b\" data-cel-widget=\"productTitle\">MOUVEMENT<b>DE PRI\u00c8RE DES SENTINELLES<\/b>: Selon le C\u0153ur du P\u00e8re<\/span><\/a><\/p>\n\t\t\t\t\t\t\t\t<\/div>\n\t\t\t\t<\/div>\n\t\t\t\t<\/div>\n\t\t<div class=\"elementor-element elementor-element-1dfbb33 e-con-full e-flex e-con e-child\" data-id=\"1dfbb33\" data-element_type=\"container\">\n\t\t\t\t<div class=\"elementor-element elementor-element-a601299 elementor-widget elementor-widget-image\" data-id=\"a601299\" data-element_type=\"widget\" data-widget_type=\"image.default\">\n\t\t\t\t<div class=\"elementor-widget-container\">\n\t\t\t\t\t\t\t\t\t\t\t\t\t\t\t\t<a href=\"https:\/\/www.amazon.com\/Watchmen-Prayer-Movement-Mountain-Fathers-ebook\/dp\/B0DGLQ3G9M\/ref=sr_1_3?dib=eyJ2IjoiMSJ9.6MUzxsH7sldhXAyRgmpAex_5kw-eluwR7RtURlkGoDuQNywG-iJUQuctiqg69Bz5.JnoAhCTOHnMae8KdJCnWReZnpRAWTRH2eoM_uyGskco&#038;dib_tag=se&#038;qid=1727992923&#038;refinements=p_27%3ADr+Moussa+Toure&#038;s=books&#038;sr=1-3\">\n\t\t\t\t\t\t\t<img decoding=\"async\" width=\"311\" height=\"466\" src=\"https:\/\/souls4jesus.com\/wp-content\/uploads\/2024\/10\/watchmen-book-English-1.jpg\" class=\"attachment-large size-large wp-image-22409\" alt=\"\" srcset=\"https:\/\/souls4jesus.com\/wp-content\/uploads\/2024\/10\/watchmen-book-English-1.jpg 311w, https:\/\/souls4jesus.com\/wp-content\/uploads\/2024\/10\/watchmen-book-English-1-200x300.jpg 200w\" sizes=\"(max-width: 311px) 100vw, 311px\" \/>\t\t\t\t\t\t\t\t<\/a>\n\t\t\t\t\t\t\t\t\t\t\t\t\t\t\t<\/div>\n\t\t\t\t<\/div>\n\t\t\t\t<div class=\"elementor-element elementor-element-20ca907 elementor-widget elementor-widget-text-editor\" data-id=\"20ca907\" data-element_type=\"widget\" data-widget_type=\"text-editor.default\">\n\t\t\t\t<div class=\"elementor-widget-container\">\n\t\t\t\t\t\t\t\t\t<p><a href=\"https:\/\/www.amazon.com\/Watchmen-Prayer-Movement-Mountain-Fathers-ebook\/dp\/B0DGLQ3G9M\/ref=sr_1_3?dib=eyJ2IjoiMSJ9.6MUzxsH7sldhXAyRgmpAex_5kw-eluwR7RtURlkGoDuQNywG-iJUQuctiqg69Bz5.JnoAhCTOHnMae8KdJCnWReZnpRAWTRH2eoM_uyGskco&amp;dib_tag=se&amp;qid=1727992923&amp;refinements=p_27%3ADr+Moussa+Toure&amp;s=books&amp;sr=1-3\">MOUVEMENT DE PRI\u00c8RE DES VEILLEURS : La montagne du c\u0153ur du P\u00e8re (version Anglaise)<\/a><\/p>\n\t\t\t\t\t\t\t\t<\/div>\n\t\t\t\t<\/div>\n\t\t\t\t<\/div>\n\t\t\t\t<\/div>\n\t\t\t\t\t<\/div>\n\t\t\t\t<\/div>\n\t\t\t\t<\/div>\n\t\t","protected":false},"excerpt":{"rendered":"<p>MOUVEMENTDE PRI\u00c8RE DES SENTINELLES: Selon le C\u0153ur du P\u00e8re MOUVEMENT DE PRI\u00c8RE DES VEILLEURS : La montagne du c\u0153ur du P\u00e8re (version Anglaise)<\/p>\n","protected":false},"author":3,"featured_media":0,"parent":0,"menu_order":0,"comment_status":"closed","ping_status":"closed","template":"elementor_header_footer","meta":{"_monsterinsights_skip_tracking":false,"_monsterinsights_sitenote_active":false,"_monsterinsights_sitenote_note":"","_monsterinsights_sitenote_category":0,"iawp_total_views":4,"footnotes":""},"class_list":["post-22429","page","type-page","status-publish","hentry","entry"],"aioseo_notices":[],"yoast_head":"<!-- This site is optimized with the Yoast SEO plugin v27.3 - https:\/\/yoast.com\/product\/yoast-seo-wordpress\/ -->\n<title>Livres - Souls for Jesus<\/title>\n<meta name=\"robots\" content=\"index, follow, max-snippet:-1, max-image-preview:large, max-video-preview:-1\" \/>\n<link rel=\"canonical\" href=\"https:\/\/souls4jesus.com\/fr\/books\/\" \/>\n<meta property=\"og:locale\" content=\"fr_FR\" \/>\n<meta property=\"og:type\" content=\"article\" \/>\n<meta property=\"og:title\" content=\"Livres - Souls for Jesus\" \/>\n<meta property=\"og:description\" content=\"MOUVEMENTDE PRI\u00c8RE DES SENTINELLES: Selon le C\u0153ur du P\u00e8re MOUVEMENT DE PRI\u00c8RE DES VEILLEURS : La montagne du c\u0153ur du P\u00e8re (version Anglaise)\" \/>\n<meta property=\"og:url\" content=\"https:\/\/souls4jesus.com\/fr\/books\/\" \/>\n<meta property=\"og:site_name\" content=\"Souls for Jesus\" \/>\n<meta property=\"article:modified_time\" content=\"2025-02-01T19:01:10+00:00\" \/>\n<meta property=\"og:image\" content=\"https:\/\/souls4jesus.com\/wp-content\/uploads\/2024\/10\/watchmen-book-french.jpg\" \/>\n<meta name=\"twitter:card\" content=\"summary_large_image\" \/>\n<meta name=\"twitter:label1\" content=\"Dur\u00e9e de lecture estim\u00e9e\" \/>\n\t<meta name=\"twitter:data1\" content=\"1 minute\" \/>\n<script type=\"application\/ld+json\" class=\"yoast-schema-graph\">{\"@context\":\"https:\\\/\\\/schema.org\",\"@graph\":[{\"@type\":\"WebPage\",\"@id\":\"https:\\\/\\\/souls4jesus.com\\\/fr\\\/books\\\/\",\"url\":\"https:\\\/\\\/souls4jesus.com\\\/fr\\\/books\\\/\",\"name\":\"Livres - Souls for Jesus\",\"isPartOf\":{\"@id\":\"https:\\\/\\\/souls4jesus.com\\\/fr\\\/#website\"},\"primaryImageOfPage\":{\"@id\":\"https:\\\/\\\/souls4jesus.com\\\/fr\\\/books\\\/#primaryimage\"},\"image\":{\"@id\":\"https:\\\/\\\/souls4jesus.com\\\/fr\\\/books\\\/#primaryimage\"},\"thumbnailUrl\":\"https:\\\/\\\/souls4jesus.com\\\/wp-content\\\/uploads\\\/2024\\\/10\\\/watchmen-book-french.jpg\",\"datePublished\":\"2024-09-18T21:05:16+00:00\",\"dateModified\":\"2025-02-01T19:01:10+00:00\",\"inLanguage\":\"fr-FR\",\"potentialAction\":[{\"@type\":\"ReadAction\",\"target\":[\"https:\\\/\\\/souls4jesus.com\\\/fr\\\/books\\\/\"]}]},{\"@type\":\"ImageObject\",\"inLanguage\":\"fr-FR\",\"@id\":\"https:\\\/\\\/souls4jesus.com\\\/fr\\\/books\\\/#primaryimage\",\"url\":\"https:\\\/\\\/souls4jesus.com\\\/wp-content\\\/uploads\\\/2024\\\/10\\\/watchmen-book-french.jpg\",\"contentUrl\":\"https:\\\/\\\/souls4jesus.com\\\/wp-content\\\/uploads\\\/2024\\\/10\\\/watchmen-book-french.jpg\"},{\"@type\":\"WebSite\",\"@id\":\"https:\\\/\\\/souls4jesus.com\\\/fr\\\/#website\",\"url\":\"https:\\\/\\\/souls4jesus.com\\\/fr\\\/\",\"name\":\"Souls for Jesus\",\"description\":\"\",\"publisher\":{\"@id\":\"https:\\\/\\\/souls4jesus.com\\\/fr\\\/#organization\"},\"potentialAction\":[{\"@type\":\"SearchAction\",\"target\":{\"@type\":\"EntryPoint\",\"urlTemplate\":\"https:\\\/\\\/souls4jesus.com\\\/fr\\\/?s={search_term_string}\"},\"query-input\":{\"@type\":\"PropertyValueSpecification\",\"valueRequired\":true,\"valueName\":\"search_term_string\"}}],\"inLanguage\":\"fr-FR\"},{\"@type\":\"Organization\",\"@id\":\"https:\\\/\\\/souls4jesus.com\\\/fr\\\/#organization\",\"name\":\"Souls for Jesus\",\"url\":\"https:\\\/\\\/souls4jesus.com\\\/fr\\\/\",\"logo\":{\"@type\":\"ImageObject\",\"inLanguage\":\"fr-FR\",\"@id\":\"https:\\\/\\\/souls4jesus.com\\\/fr\\\/#\\\/schema\\\/logo\\\/image\\\/\",\"url\":\"https:\\\/\\\/souls4jesus.com\\\/wp-content\\\/uploads\\\/2020\\\/08\\\/Watchmen-logo-name-350-x-200.webp\",\"contentUrl\":\"https:\\\/\\\/souls4jesus.com\\\/wp-content\\\/uploads\\\/2020\\\/08\\\/Watchmen-logo-name-350-x-200.webp\",\"width\":1920,\"height\":907,\"caption\":\"Souls for Jesus\"},\"image\":{\"@id\":\"https:\\\/\\\/souls4jesus.com\\\/fr\\\/#\\\/schema\\\/logo\\\/image\\\/\"}}]}<\/script>\n<!-- \/ Yoast SEO plugin. -->","yoast_head_json":{"title":"Livres - Souls for Jesus","robots":{"index":"index","follow":"follow","max-snippet":"max-snippet:-1","max-image-preview":"max-image-preview:large","max-video-preview":"max-video-preview:-1"},"canonical":"https:\/\/souls4jesus.com\/fr\/books\/","og_locale":"fr_FR","og_type":"article","og_title":"Livres - Souls for Jesus","og_description":"MOUVEMENTDE PRI\u00c8RE DES SENTINELLES: Selon le C\u0153ur du P\u00e8re MOUVEMENT DE PRI\u00c8RE DES VEILLEURS : La montagne du c\u0153ur du P\u00e8re (version Anglaise)","og_url":"https:\/\/souls4jesus.com\/fr\/books\/","og_site_name":"Souls for Jesus","article_modified_time":"2025-02-01T19:01:10+00:00","og_image":[{"url":"https:\/\/souls4jesus.com\/wp-content\/uploads\/2024\/10\/watchmen-book-french.jpg","type":"","width":"","height":""}],"twitter_card":"summary_large_image","twitter_misc":{"Dur\u00e9e de lecture estim\u00e9e":"1 minute"},"schema":{"@context":"https:\/\/schema.org","@graph":[{"@type":"WebPage","@id":"https:\/\/souls4jesus.com\/fr\/books\/","url":"https:\/\/souls4jesus.com\/fr\/books\/","name":"Livres - Souls for Jesus","isPartOf":{"@id":"https:\/\/souls4jesus.com\/fr\/#website"},"primaryImageOfPage":{"@id":"https:\/\/souls4jesus.com\/fr\/books\/#primaryimage"},"image":{"@id":"https:\/\/souls4jesus.com\/fr\/books\/#primaryimage"},"thumbnailUrl":"https:\/\/souls4jesus.com\/wp-content\/uploads\/2024\/10\/watchmen-book-french.jpg","datePublished":"2024-09-18T21:05:16+00:00","dateModified":"2025-02-01T19:01:10+00:00","inLanguage":"fr-FR","potentialAction":[{"@type":"ReadAction","target":["https:\/\/souls4jesus.com\/fr\/books\/"]}]},{"@type":"ImageObject","inLanguage":"fr-FR","@id":"https:\/\/souls4jesus.com\/fr\/books\/#primaryimage","url":"https:\/\/souls4jesus.com\/wp-content\/uploads\/2024\/10\/watchmen-book-french.jpg","contentUrl":"https:\/\/souls4jesus.com\/wp-content\/uploads\/2024\/10\/watchmen-book-french.jpg"},{"@type":"WebSite","@id":"https:\/\/souls4jesus.com\/fr\/#website","url":"https:\/\/souls4jesus.com\/fr\/","name":"Souls for Jesus","description":"","publisher":{"@id":"https:\/\/souls4jesus.com\/fr\/#organization"},"potentialAction":[{"@type":"SearchAction","target":{"@type":"EntryPoint","urlTemplate":"https:\/\/souls4jesus.com\/fr\/?s={search_term_string}"},"query-input":{"@type":"PropertyValueSpecification","valueRequired":true,"valueName":"search_term_string"}}],"inLanguage":"fr-FR"},{"@type":"Organization","@id":"https:\/\/souls4jesus.com\/fr\/#organization","name":"Souls for Jesus","url":"https:\/\/souls4jesus.com\/fr\/","logo":{"@type":"ImageObject","inLanguage":"fr-FR","@id":"https:\/\/souls4jesus.com\/fr\/#\/schema\/logo\/image\/","url":"https:\/\/souls4jesus.com\/wp-content\/uploads\/2020\/08\/Watchmen-logo-name-350-x-200.webp","contentUrl":"https:\/\/souls4jesus.com\/wp-content\/uploads\/2020\/08\/Watchmen-logo-name-350-x-200.webp","width":1920,"height":907,"caption":"Souls for Jesus"},"image":{"@id":"https:\/\/souls4jesus.com\/fr\/#\/schema\/logo\/image\/"}}]}},"_links":{"self":[{"href":"https:\/\/souls4jesus.com\/fr\/wp-json\/wp\/v2\/pages\/22429","targetHints":{"allow":["GET"]}}],"collection":[{"href":"https:\/\/souls4jesus.com\/fr\/wp-json\/wp\/v2\/pages"}],"about":[{"href":"https:\/\/souls4jesus.com\/fr\/wp-json\/wp\/v2\/types\/page"}],"author":[{"embeddable":true,"href":"https:\/\/souls4jesus.com\/fr\/wp-json\/wp\/v2\/users\/3"}],"replies":[{"embeddable":true,"href":"https:\/\/souls4jesus.com\/fr\/wp-json\/wp\/v2\/comments?post=22429"}],"version-history":[{"count":5,"href":"https:\/\/souls4jesus.com\/fr\/wp-json\/wp\/v2\/pages\/22429\/revisions"}],"predecessor-version":[{"id":22507,"href":"https:\/\/souls4jesus.com\/fr\/wp-json\/wp\/v2\/pages\/22429\/revisions\/22507"}],"wp:attachment":[{"href":"https:\/\/souls4jesus.com\/fr\/wp-json\/wp\/v2\/media?parent=22429"}],"curies":[{"name":"wp","href":"https:\/\/api.w.org\/{rel}","templated":true}]}}